{"id":160,"date":"2023-07-01T13:46:04","date_gmt":"2023-07-01T13:46:04","guid":{"rendered":"https:\/\/laurenerolland.fr\/?page_id=160"},"modified":"2026-01-17T16:09:32","modified_gmt":"2026-01-17T16:09:32","slug":"la-ferme-de-val-et-melo","status":"publish","type":"page","link":"https:\/\/laurenerolland.fr\/?page_id=160","title":{"rendered":"La Ferme de Val et M\u00e9lo"},"content":{"rendered":"\n<div class=\"wp-block-columns is-layout-flex wp-container-core-columns-is-layout-1 wp-block-columns-is-layout-flex\">\n<div class=\"wp-block-column is-layout-flow wp-block-column-is-layout-flow\" style=\"flex-basis:33%\">\n<p class=\"has-small-font-size\" style=\"margin-top:0;margin-bottom:0;font-style:normal;font-weight:100\">La Ferme de Val et M\u00e9lo se distingue par son approche de vente directe de produits du terroir, offrant ainsi une tra\u00e7abilit\u00e9 et une \u00e9quit\u00e9 sans \u00e9gal.<br><br>L&rsquo;identit\u00e9 de la ferme refl\u00e8te son h\u00e9ritage traditionnel et sa relation privil\u00e9gi\u00e9e avec sa client\u00e8le, incarn\u00e9e par des illustrations au style gravure et une typographie ronde qui \u00e9voquent la proximit\u00e9 et l&rsquo;authenticit\u00e9.<\/p>\n<\/div>\n\n\n\n<div class=\"wp-block-column is-layout-flow wp-block-column-is-layout-flow\">\n<figure class=\"wp-block-image alignright size-large is-resized\"><img fetchpriority=\"high\" decoding=\"async\" width=\"1024\" height=\"1024\" src=\"https:\/\/laurenerolland.fr\/wp-content\/uploads\/2024\/12\/La-ferme-de-Val-et-Melo_Logo_Logo_Couleur-copie_Logo_Couleur-copie-2-1024x1024.jpg\" alt=\"\" class=\"wp-image-1104\" style=\"width:555px\" srcset=\"https:\/\/laurenerolland.fr\/wp-content\/uploads\/2024\/12\/La-ferme-de-Val-et-Melo_Logo_Logo_Couleur-copie_Logo_Couleur-copie-2-1024x1024.jpg 1024w, https:\/\/laurenerolland.fr\/wp-content\/uploads\/2024\/12\/La-ferme-de-Val-et-Melo_Logo_Logo_Couleur-copie_Logo_Couleur-copie-2-300x300.jpg 300w, https:\/\/laurenerolland.fr\/wp-content\/uploads\/2024\/12\/La-ferme-de-Val-et-Melo_Logo_Logo_Couleur-copie_Logo_Couleur-copie-2-150x150.jpg 150w, https:\/\/laurenerolland.fr\/wp-content\/uploads\/2024\/12\/La-ferme-de-Val-et-Melo_Logo_Logo_Couleur-copie_Logo_Couleur-copie-2-768x768.jpg 768w, https:\/\/laurenerolland.fr\/wp-content\/uploads\/2024\/12\/La-ferme-de-Val-et-Melo_Logo_Logo_Couleur-copie_Logo_Couleur-copie-2.jpg 1181w\" sizes=\"(max-width: 1024px) 100vw, 1024px\" \/><\/figure>\n<\/div>\n<\/div>\n\n\n\n<figure class=\"wp-block-image aligncenter size-large is-resized\"><img decoding=\"async\" width=\"1024\" height=\"445\" src=\"http:\/\/laurenerolland.fr\/wp-content\/uploads\/2026\/01\/Mockup-pate-val-et-melo-1-1024x445.jpg\" alt=\"\" class=\"wp-image-1255\" style=\"width:1140px;height:auto\" srcset=\"https:\/\/laurenerolland.fr\/wp-content\/uploads\/2026\/01\/Mockup-pate-val-et-melo-1-1024x445.jpg 1024w, https:\/\/laurenerolland.fr\/wp-content\/uploads\/2026\/01\/Mockup-pate-val-et-melo-1-300x130.jpg 300w, https:\/\/laurenerolland.fr\/wp-content\/uploads\/2026\/01\/Mockup-pate-val-et-melo-1-768x334.jpg 768w, https:\/\/laurenerolland.fr\/wp-content\/uploads\/2026\/01\/Mockup-pate-val-et-melo-1-1536x668.jpg 1536w, https:\/\/laurenerolland.fr\/wp-content\/uploads\/2026\/01\/Mockup-pate-val-et-melo-1-2048x891.jpg 2048w\" sizes=\"(max-width: 1024px) 100vw, 1024px\" \/><\/figure>\n\n\n\n<div class=\"wp-block-columns is-layout-flex wp-container-core-columns-is-layout-2 wp-block-columns-is-layout-flex\">\n<div class=\"wp-block-column is-layout-flow wp-block-column-is-layout-flow\">\n<figure class=\"wp-block-image aligncenter size-large is-resized\"><img decoding=\"async\" width=\"1090\" height=\"613\" src=\"https:\/\/laurenerolland.fr\/wp-content\/uploads\/2023\/08\/Mockup_Combi_Ferme-de-val-et-melo_Plan-de-travail-1-edited.jpg\" alt=\"\" class=\"wp-image-422\" style=\"width:1140px;height:auto\" srcset=\"https:\/\/laurenerolland.fr\/wp-content\/uploads\/2023\/08\/Mockup_Combi_Ferme-de-val-et-melo_Plan-de-travail-1-edited.jpg 1090w, https:\/\/laurenerolland.fr\/wp-content\/uploads\/2023\/08\/Mockup_Combi_Ferme-de-val-et-melo_Plan-de-travail-1-edited-300x169.jpg 300w, https:\/\/laurenerolland.fr\/wp-content\/uploads\/2023\/08\/Mockup_Combi_Ferme-de-val-et-melo_Plan-de-travail-1-edited-1024x576.jpg 1024w, https:\/\/laurenerolland.fr\/wp-content\/uploads\/2023\/08\/Mockup_Combi_Ferme-de-val-et-melo_Plan-de-travail-1-edited-768x432.jpg 768w\" sizes=\"(max-width: 1090px) 100vw, 1090px\" \/><\/figure>\n<\/div>\n<\/div>\n\n\n\n<figure class=\"wp-block-image size-large\"><img loading=\"lazy\" decoding=\"async\" width=\"2250\" height=\"1266\" src=\"https:\/\/laurenerolland.fr\/wp-content\/uploads\/2023\/08\/Mockup_Combi_Ferme-de-val-et-melo_3-1-edited.jpg\" alt=\"\" class=\"wp-image-437\" srcset=\"https:\/\/laurenerolland.fr\/wp-content\/uploads\/2023\/08\/Mockup_Combi_Ferme-de-val-et-melo_3-1-edited.jpg 2250w, https:\/\/laurenerolland.fr\/wp-content\/uploads\/2023\/08\/Mockup_Combi_Ferme-de-val-et-melo_3-1-edited-300x169.jpg 300w, https:\/\/laurenerolland.fr\/wp-content\/uploads\/2023\/08\/Mockup_Combi_Ferme-de-val-et-melo_3-1-edited-1024x576.jpg 1024w, https:\/\/laurenerolland.fr\/wp-content\/uploads\/2023\/08\/Mockup_Combi_Ferme-de-val-et-melo_3-1-edited-768x432.jpg 768w, https:\/\/laurenerolland.fr\/wp-content\/uploads\/2023\/08\/Mockup_Combi_Ferme-de-val-et-melo_3-1-edited-1536x864.jpg 1536w, https:\/\/laurenerolland.fr\/wp-content\/uploads\/2023\/08\/Mockup_Combi_Ferme-de-val-et-melo_3-1-edited-2048x1152.jpg 2048w\" sizes=\"(max-width: 2250px) 100vw, 2250px\" \/><\/figure>\n\n\n\n<figure class=\"wp-block-image size-large\"><img loading=\"lazy\" decoding=\"async\" width=\"1754\" height=\"1096\" src=\"https:\/\/laurenerolland.fr\/wp-content\/uploads\/2024\/05\/Mockup_Combi_Ferme-de-val-et-melo_2-edited.jpg\" alt=\"\" class=\"wp-image-1092\" srcset=\"https:\/\/laurenerolland.fr\/wp-content\/uploads\/2024\/05\/Mockup_Combi_Ferme-de-val-et-melo_2-edited.jpg 1754w, https:\/\/laurenerolland.fr\/wp-content\/uploads\/2024\/05\/Mockup_Combi_Ferme-de-val-et-melo_2-edited-300x187.jpg 300w, https:\/\/laurenerolland.fr\/wp-content\/uploads\/2024\/05\/Mockup_Combi_Ferme-de-val-et-melo_2-edited-1024x640.jpg 1024w, https:\/\/laurenerolland.fr\/wp-content\/uploads\/2024\/05\/Mockup_Combi_Ferme-de-val-et-melo_2-edited-768x480.jpg 768w, https:\/\/laurenerolland.fr\/wp-content\/uploads\/2024\/05\/Mockup_Combi_Ferme-de-val-et-melo_2-edited-1536x960.jpg 1536w\" sizes=\"(max-width: 1754px) 100vw, 1754px\" \/><\/figure>\n","protected":false},"excerpt":{"rendered":"<p>La Ferme de Val et M\u00e9lo se distingue par son approche de vente directe de produits du terroir, offrant ainsi une tra\u00e7abilit\u00e9 et une \u00e9quit\u00e9 sans \u00e9gal. L&rsquo;identit\u00e9 de la ferme refl\u00e8te son h\u00e9ritage traditionnel et sa relation privil\u00e9gi\u00e9e avec sa client\u00e8le, incarn\u00e9e par des illustrations au style gravure et une typographie ronde qui \u00e9voquent [&hellip;]<\/p>\n","protected":false},"author":1,"featured_media":0,"parent":0,"menu_order":0,"comment_status":"closed","ping_status":"closed","template":"","meta":{"footnotes":""},"class_list":["post-160","page","type-page","status-publish","hentry"],"_links":{"self":[{"href":"https:\/\/laurenerolland.fr\/index.php?rest_route=\/wp\/v2\/pages\/160","targetHints":{"allow":["GET"]}}],"collection":[{"href":"https:\/\/laurenerolland.fr\/index.php?rest_route=\/wp\/v2\/pages"}],"about":[{"href":"https:\/\/laurenerolland.fr\/index.php?rest_route=\/wp\/v2\/types\/page"}],"author":[{"embeddable":true,"href":"https:\/\/laurenerolland.fr\/index.php?rest_route=\/wp\/v2\/users\/1"}],"replies":[{"embeddable":true,"href":"https:\/\/laurenerolland.fr\/index.php?rest_route=%2Fwp%2Fv2%2Fcomments&post=160"}],"version-history":[{"count":31,"href":"https:\/\/laurenerolland.fr\/index.php?rest_route=\/wp\/v2\/pages\/160\/revisions"}],"predecessor-version":[{"id":1450,"href":"https:\/\/laurenerolland.fr\/index.php?rest_route=\/wp\/v2\/pages\/160\/revisions\/1450"}],"wp:attachment":[{"href":"https:\/\/laurenerolland.fr\/index.php?rest_route=%2Fwp%2Fv2%2Fmedia&parent=160"}],"curies":[{"name":"wp","href":"https:\/\/api.w.org\/{rel}","templated":true}]}}