{"id":158,"date":"2023-07-01T13:45:17","date_gmt":"2023-07-01T13:45:17","guid":{"rendered":"https:\/\/laurenerolland.fr\/?page_id=158"},"modified":"2026-01-17T16:09:50","modified_gmt":"2026-01-17T16:09:50","slug":"homa-poke","status":"publish","type":"page","link":"https:\/\/laurenerolland.fr\/?page_id=158","title":{"rendered":"Homa Poke"},"content":{"rendered":"\n<div class=\"wp-block-columns is-layout-flex wp-container-core-columns-is-layout-1 wp-block-columns-is-layout-flex\">\n<div class=\"wp-block-column is-layout-flow wp-block-column-is-layout-flow\" style=\"font-size:clamp(14px, 0.875rem + ((1vw - 3.2px) * 0.185), 16px);flex-basis:33%\">\n<p class=\"has-small-font-size\" style=\"font-style:normal;font-weight:100\">Contribution \u00e0 l&rsquo;identit\u00e9 visuelle de la marque HoMa Poke (enseigne de restauration rapide proposant une gamme de Poke Bowl), en r\u00e9alisant les illustrations, le design des menus, des packaging, des affiches int\u00e9rieurs boutiques et photographies culinaires pour les plateformes de livraison.<br><\/p>\n<\/div>\n\n\n\n<div class=\"wp-block-column is-layout-flow wp-block-column-is-layout-flow\">\n<figure class=\"wp-block-image alignright size-large is-resized\"><img fetchpriority=\"high\" decoding=\"async\" width=\"1024\" height=\"1024\" src=\"https:\/\/laurenerolland.fr\/wp-content\/uploads\/2024\/03\/Homa-poke-3-1024x1024.jpg\" alt=\"\" class=\"wp-image-999\" style=\"width:555px\" srcset=\"https:\/\/laurenerolland.fr\/wp-content\/uploads\/2024\/03\/Homa-poke-3-1024x1024.jpg 1024w, https:\/\/laurenerolland.fr\/wp-content\/uploads\/2024\/03\/Homa-poke-3-300x300.jpg 300w, https:\/\/laurenerolland.fr\/wp-content\/uploads\/2024\/03\/Homa-poke-3-150x150.jpg 150w, https:\/\/laurenerolland.fr\/wp-content\/uploads\/2024\/03\/Homa-poke-3-768x768.jpg 768w, https:\/\/laurenerolland.fr\/wp-content\/uploads\/2024\/03\/Homa-poke-3.jpg 1080w\" sizes=\"(max-width: 1024px) 100vw, 1024px\" \/><\/figure>\n<\/div>\n<\/div>\n\n\n\n<div class=\"wp-block-columns is-layout-flex wp-container-core-columns-is-layout-2 wp-block-columns-is-layout-flex\">\n<div class=\"wp-block-column is-layout-flow wp-block-column-is-layout-flow\">\n<figure class=\"wp-block-image size-large\"><img decoding=\"async\" width=\"1024\" height=\"1024\" src=\"https:\/\/laurenerolland.fr\/wp-content\/uploads\/2024\/03\/770-2-1024x1024.jpg\" alt=\"\" class=\"wp-image-1039\" srcset=\"https:\/\/laurenerolland.fr\/wp-content\/uploads\/2024\/03\/770-2-1024x1024.jpg 1024w, https:\/\/laurenerolland.fr\/wp-content\/uploads\/2024\/03\/770-2-300x300.jpg 300w, https:\/\/laurenerolland.fr\/wp-content\/uploads\/2024\/03\/770-2-150x150.jpg 150w, https:\/\/laurenerolland.fr\/wp-content\/uploads\/2024\/03\/770-2-768x768.jpg 768w, https:\/\/laurenerolland.fr\/wp-content\/uploads\/2024\/03\/770-2-1536x1536.jpg 1536w, https:\/\/laurenerolland.fr\/wp-content\/uploads\/2024\/03\/770-2.jpg 1738w\" sizes=\"(max-width: 1024px) 100vw, 1024px\" \/><\/figure>\n<\/div>\n\n\n\n<div class=\"wp-block-column is-layout-flow wp-block-column-is-layout-flow\">\n<figure class=\"wp-block-image size-large\"><img decoding=\"async\" width=\"1024\" height=\"1024\" src=\"http:\/\/laurenerolland.fr\/wp-content\/uploads\/2024\/03\/Homa-poke-1-1024x1024.jpg\" alt=\"\" class=\"wp-image-1004\" srcset=\"https:\/\/laurenerolland.fr\/wp-content\/uploads\/2024\/03\/Homa-poke-1-1024x1024.jpg 1024w, https:\/\/laurenerolland.fr\/wp-content\/uploads\/2024\/03\/Homa-poke-1-300x300.jpg 300w, https:\/\/laurenerolland.fr\/wp-content\/uploads\/2024\/03\/Homa-poke-1-150x150.jpg 150w, https:\/\/laurenerolland.fr\/wp-content\/uploads\/2024\/03\/Homa-poke-1-768x768.jpg 768w, https:\/\/laurenerolland.fr\/wp-content\/uploads\/2024\/03\/Homa-poke-1.jpg 1080w\" sizes=\"(max-width: 1024px) 100vw, 1024px\" \/><\/figure>\n<\/div>\n<\/div>\n\n\n\n<div class=\"wp-block-columns is-layout-flex wp-container-core-columns-is-layout-3 wp-block-columns-is-layout-flex\">\n<div class=\"wp-block-column is-layout-flow wp-block-column-is-layout-flow\">\n<figure class=\"wp-block-image aligncenter size-large is-resized\"><img loading=\"lazy\" decoding=\"async\" width=\"1024\" height=\"231\" src=\"https:\/\/laurenerolland.fr\/wp-content\/uploads\/2024\/03\/test-aliment-Recupere-1-1024x231.jpg\" alt=\"\" class=\"wp-image-1030\" style=\"width:1140px;height:auto\" srcset=\"https:\/\/laurenerolland.fr\/wp-content\/uploads\/2024\/03\/test-aliment-Recupere-1-1024x231.jpg 1024w, https:\/\/laurenerolland.fr\/wp-content\/uploads\/2024\/03\/test-aliment-Recupere-1-300x68.jpg 300w, https:\/\/laurenerolland.fr\/wp-content\/uploads\/2024\/03\/test-aliment-Recupere-1-768x173.jpg 768w, https:\/\/laurenerolland.fr\/wp-content\/uploads\/2024\/03\/test-aliment-Recupere-1-1536x346.jpg 1536w, https:\/\/laurenerolland.fr\/wp-content\/uploads\/2024\/03\/test-aliment-Recupere-1.jpg 1709w\" sizes=\"(max-width: 1024px) 100vw, 1024px\" \/><\/figure>\n<\/div>\n<\/div>\n\n\n\n<div class=\"wp-block-columns is-layout-flex wp-container-core-columns-is-layout-4 wp-block-columns-is-layout-flex\">\n<div class=\"wp-block-column is-layout-flow wp-block-column-is-layout-flow\">\n<figure class=\"wp-block-image size-large\"><img loading=\"lazy\" decoding=\"async\" width=\"1024\" height=\"1024\" src=\"https:\/\/laurenerolland.fr\/wp-content\/uploads\/2024\/03\/Homa-poke-2-1024x1024.jpg\" alt=\"\" class=\"wp-image-1007\" style=\"aspect-ratio:1\" srcset=\"https:\/\/laurenerolland.fr\/wp-content\/uploads\/2024\/03\/Homa-poke-2-1024x1024.jpg 1024w, https:\/\/laurenerolland.fr\/wp-content\/uploads\/2024\/03\/Homa-poke-2-300x300.jpg 300w, https:\/\/laurenerolland.fr\/wp-content\/uploads\/2024\/03\/Homa-poke-2-150x150.jpg 150w, https:\/\/laurenerolland.fr\/wp-content\/uploads\/2024\/03\/Homa-poke-2-768x768.jpg 768w, https:\/\/laurenerolland.fr\/wp-content\/uploads\/2024\/03\/Homa-poke-2.jpg 1080w\" sizes=\"(max-width: 1024px) 100vw, 1024px\" \/><\/figure>\n<\/div>\n\n\n\n<div class=\"wp-block-column is-layout-flow wp-block-column-is-layout-flow\">\n<figure class=\"wp-block-image size-large\"><img loading=\"lazy\" decoding=\"async\" width=\"2560\" height=\"2560\" src=\"https:\/\/laurenerolland.fr\/wp-content\/uploads\/2026\/01\/poke-2-bis-edited-scaled.jpg\" alt=\"\" class=\"wp-image-1264\" srcset=\"https:\/\/laurenerolland.fr\/wp-content\/uploads\/2026\/01\/poke-2-bis-edited-scaled.jpg 2560w, https:\/\/laurenerolland.fr\/wp-content\/uploads\/2026\/01\/poke-2-bis-edited-300x300.jpg 300w, https:\/\/laurenerolland.fr\/wp-content\/uploads\/2026\/01\/poke-2-bis-edited-1024x1024.jpg 1024w, https:\/\/laurenerolland.fr\/wp-content\/uploads\/2026\/01\/poke-2-bis-edited-150x150.jpg 150w, https:\/\/laurenerolland.fr\/wp-content\/uploads\/2026\/01\/poke-2-bis-edited-768x768.jpg 768w, https:\/\/laurenerolland.fr\/wp-content\/uploads\/2026\/01\/poke-2-bis-edited-1536x1536.jpg 1536w, https:\/\/laurenerolland.fr\/wp-content\/uploads\/2026\/01\/poke-2-bis-edited-2048x2048.jpg 2048w\" sizes=\"(max-width: 2560px) 100vw, 2560px\" \/><\/figure>\n<\/div>\n<\/div>\n\n\n\n<figure class=\"wp-block-image size-large\"><img loading=\"lazy\" decoding=\"async\" width=\"2154\" height=\"1211\" src=\"https:\/\/laurenerolland.fr\/wp-content\/uploads\/2024\/03\/76421-1-edited.jpg\" alt=\"\" class=\"wp-image-1049\" srcset=\"https:\/\/laurenerolland.fr\/wp-content\/uploads\/2024\/03\/76421-1-edited.jpg 2154w, https:\/\/laurenerolland.fr\/wp-content\/uploads\/2024\/03\/76421-1-edited-300x169.jpg 300w, https:\/\/laurenerolland.fr\/wp-content\/uploads\/2024\/03\/76421-1-edited-1024x576.jpg 1024w, https:\/\/laurenerolland.fr\/wp-content\/uploads\/2024\/03\/76421-1-edited-768x432.jpg 768w, https:\/\/laurenerolland.fr\/wp-content\/uploads\/2024\/03\/76421-1-edited-1536x864.jpg 1536w, https:\/\/laurenerolland.fr\/wp-content\/uploads\/2024\/03\/76421-1-edited-2048x1151.jpg 2048w\" sizes=\"(max-width: 2154px) 100vw, 2154px\" \/><\/figure>\n","protected":false},"excerpt":{"rendered":"<p>Contribution \u00e0 l&rsquo;identit\u00e9 visuelle de la marque HoMa Poke (enseigne de restauration rapide proposant une gamme de Poke Bowl), en r\u00e9alisant les illustrations, le design des menus, des packaging, des affiches int\u00e9rieurs boutiques et photographies culinaires pour les plateformes de livraison.<\/p>\n","protected":false},"author":1,"featured_media":0,"parent":0,"menu_order":0,"comment_status":"closed","ping_status":"closed","template":"","meta":{"footnotes":""},"class_list":["post-158","page","type-page","status-publish","hentry"],"_links":{"self":[{"href":"https:\/\/laurenerolland.fr\/index.php?rest_route=\/wp\/v2\/pages\/158","targetHints":{"allow":["GET"]}}],"collection":[{"href":"https:\/\/laurenerolland.fr\/index.php?rest_route=\/wp\/v2\/pages"}],"about":[{"href":"https:\/\/laurenerolland.fr\/index.php?rest_route=\/wp\/v2\/types\/page"}],"author":[{"embeddable":true,"href":"https:\/\/laurenerolland.fr\/index.php?rest_route=\/wp\/v2\/users\/1"}],"replies":[{"embeddable":true,"href":"https:\/\/laurenerolland.fr\/index.php?rest_route=%2Fwp%2Fv2%2Fcomments&post=158"}],"version-history":[{"count":33,"href":"https:\/\/laurenerolland.fr\/index.php?rest_route=\/wp\/v2\/pages\/158\/revisions"}],"predecessor-version":[{"id":1451,"href":"https:\/\/laurenerolland.fr\/index.php?rest_route=\/wp\/v2\/pages\/158\/revisions\/1451"}],"wp:attachment":[{"href":"https:\/\/laurenerolland.fr\/index.php?rest_route=%2Fwp%2Fv2%2Fmedia&parent=158"}],"curies":[{"name":"wp","href":"https:\/\/api.w.org\/{rel}","templated":true}]}}