{"id":156,"date":"2023-07-01T13:44:54","date_gmt":"2023-07-01T13:44:54","guid":{"rendered":"https:\/\/laurenerolland.fr\/?page_id=156"},"modified":"2026-01-17T16:10:00","modified_gmt":"2026-01-17T16:10:00","slug":"street-fusion","status":"publish","type":"page","link":"https:\/\/laurenerolland.fr\/?page_id=156","title":{"rendered":"Domaine du Rayol"},"content":{"rendered":"\n<div class=\"wp-block-columns is-layout-flex wp-container-core-columns-is-layout-1 wp-block-columns-is-layout-flex\">\n<div class=\"wp-block-column is-layout-flow wp-block-column-is-layout-flow\" style=\"flex-basis:34.42%\">\n<p style=\"font-size:clamp(14px, 0.875rem + ((1vw - 3.2px) * 0.185), 16px);font-style:normal;font-weight:100\">Conception des \u00e9l\u00e9ments graphiques pour l\u2019exposition permanente de la Villa Rayolet, dans les jardins du domaine du Rayol, qui retrace toute son histoire et celle de ces habitants embl\u00e9matiques. <br>Initiation \u00e0 la fabrication de maquettes architecturales. <br>Sous la direction de la sc\u00e9nographe Laurence Villerot.<br><br>Plus d\u2019informations > <a href=\"https:\/\/www.domainedurayol.org\/visites-et-activites\/visites\/expositions-permanentes\/domaine-du-rayol-de-la-villegiature-au-jardin-des-mediterranees-de-gilles-clement\/\">ici<\/a>.<\/p>\n<\/div>\n\n\n\n<div class=\"wp-block-column is-layout-flow wp-block-column-is-layout-flow\">\n<figure class=\"wp-block-image alignright size-large is-resized\"><img fetchpriority=\"high\" decoding=\"async\" width=\"1024\" height=\"1024\" src=\"http:\/\/laurenerolland.fr\/wp-content\/uploads\/2024\/03\/logo-domaine-du-rayol-1024x1024.jpeg\" alt=\"\" class=\"wp-image-970\" style=\"aspect-ratio:1;object-fit:cover;width:555px\" srcset=\"https:\/\/laurenerolland.fr\/wp-content\/uploads\/2024\/03\/logo-domaine-du-rayol-1024x1024.jpeg 1024w, https:\/\/laurenerolland.fr\/wp-content\/uploads\/2024\/03\/logo-domaine-du-rayol-300x300.jpeg 300w, https:\/\/laurenerolland.fr\/wp-content\/uploads\/2024\/03\/logo-domaine-du-rayol-150x150.jpeg 150w, https:\/\/laurenerolland.fr\/wp-content\/uploads\/2024\/03\/logo-domaine-du-rayol-768x768.jpeg 768w, https:\/\/laurenerolland.fr\/wp-content\/uploads\/2024\/03\/logo-domaine-du-rayol.jpeg 1200w\" sizes=\"(max-width: 1024px) 100vw, 1024px\" \/><\/figure>\n<\/div>\n<\/div>\n\n\n\n<div class=\"wp-block-columns is-layout-flex wp-container-core-columns-is-layout-3 wp-block-columns-is-layout-flex\">\n<div class=\"wp-block-column is-layout-flow wp-block-column-is-layout-flow\">\n<div class=\"wp-block-columns is-layout-flex wp-container-core-columns-is-layout-2 wp-block-columns-is-layout-flex\">\n<div class=\"wp-block-column is-layout-flow wp-block-column-is-layout-flow\">\n<figure class=\"wp-block-image size-full\"><img decoding=\"async\" width=\"768\" height=\"1024\" src=\"http:\/\/laurenerolland.fr\/wp-content\/uploads\/2024\/03\/Salle-Gilles-Clement-Villa-Rayolet-\u00a9-Atelier-du-8-1024x768-1.jpg\" alt=\"\" class=\"wp-image-1058\" srcset=\"https:\/\/laurenerolland.fr\/wp-content\/uploads\/2024\/03\/Salle-Gilles-Clement-Villa-Rayolet-\u00a9-Atelier-du-8-1024x768-1.jpg 768w, https:\/\/laurenerolland.fr\/wp-content\/uploads\/2024\/03\/Salle-Gilles-Clement-Villa-Rayolet-\u00a9-Atelier-du-8-1024x768-1-225x300.jpg 225w\" sizes=\"(max-width: 768px) 100vw, 768px\" \/><\/figure>\n<\/div>\n\n\n\n<div class=\"wp-block-column is-layout-flow wp-block-column-is-layout-flow\">\n<figure class=\"wp-block-image size-large\"><img decoding=\"async\" width=\"768\" height=\"1024\" src=\"https:\/\/laurenerolland.fr\/wp-content\/uploads\/2024\/12\/20211108_172720-768x1024.jpg\" alt=\"\" class=\"wp-image-1107\" srcset=\"https:\/\/laurenerolland.fr\/wp-content\/uploads\/2024\/12\/20211108_172720-768x1024.jpg 768w, https:\/\/laurenerolland.fr\/wp-content\/uploads\/2024\/12\/20211108_172720-225x300.jpg 225w, https:\/\/laurenerolland.fr\/wp-content\/uploads\/2024\/12\/20211108_172720-1152x1536.jpg 1152w, https:\/\/laurenerolland.fr\/wp-content\/uploads\/2024\/12\/20211108_172720-1536x2048.jpg 1536w, https:\/\/laurenerolland.fr\/wp-content\/uploads\/2024\/12\/20211108_172720-scaled.jpg 1920w\" sizes=\"(max-width: 768px) 100vw, 768px\" \/><\/figure>\n<\/div>\n<\/div>\n<\/div>\n<\/div>\n\n\n\n<div class=\"wp-block-columns is-layout-flex wp-container-core-columns-is-layout-4 wp-block-columns-is-layout-flex\">\n<div class=\"wp-block-column is-layout-flow wp-block-column-is-layout-flow\">\n<figure class=\"wp-block-image size-large\"><img loading=\"lazy\" decoding=\"async\" width=\"2560\" height=\"1440\" src=\"https:\/\/laurenerolland.fr\/wp-content\/uploads\/2024\/12\/20211108_173745-edited-scaled.jpg\" alt=\"\" class=\"wp-image-1110\" srcset=\"https:\/\/laurenerolland.fr\/wp-content\/uploads\/2024\/12\/20211108_173745-edited-scaled.jpg 2560w, https:\/\/laurenerolland.fr\/wp-content\/uploads\/2024\/12\/20211108_173745-edited-300x169.jpg 300w, https:\/\/laurenerolland.fr\/wp-content\/uploads\/2024\/12\/20211108_173745-edited-1024x576.jpg 1024w, https:\/\/laurenerolland.fr\/wp-content\/uploads\/2024\/12\/20211108_173745-edited-768x432.jpg 768w, https:\/\/laurenerolland.fr\/wp-content\/uploads\/2024\/12\/20211108_173745-edited-1536x864.jpg 1536w, https:\/\/laurenerolland.fr\/wp-content\/uploads\/2024\/12\/20211108_173745-edited-2048x1152.jpg 2048w\" sizes=\"(max-width: 2560px) 100vw, 2560px\" \/><\/figure>\n<\/div>\n<\/div>\n","protected":false},"excerpt":{"rendered":"<p>Conception des \u00e9l\u00e9ments graphiques pour l\u2019exposition permanente de la Villa Rayolet, dans les jardins du domaine du Rayol, qui retrace toute son histoire et celle de ces habitants embl\u00e9matiques. Initiation \u00e0 la fabrication de maquettes architecturales. Sous la direction de la sc\u00e9nographe Laurence Villerot. Plus d\u2019informations > ici.<\/p>\n","protected":false},"author":1,"featured_media":0,"parent":0,"menu_order":0,"comment_status":"closed","ping_status":"closed","template":"","meta":{"footnotes":""},"class_list":["post-156","page","type-page","status-publish","hentry"],"_links":{"self":[{"href":"https:\/\/laurenerolland.fr\/index.php?rest_route=\/wp\/v2\/pages\/156","targetHints":{"allow":["GET"]}}],"collection":[{"href":"https:\/\/laurenerolland.fr\/index.php?rest_route=\/wp\/v2\/pages"}],"about":[{"href":"https:\/\/laurenerolland.fr\/index.php?rest_route=\/wp\/v2\/types\/page"}],"author":[{"embeddable":true,"href":"https:\/\/laurenerolland.fr\/index.php?rest_route=\/wp\/v2\/users\/1"}],"replies":[{"embeddable":true,"href":"https:\/\/laurenerolland.fr\/index.php?rest_route=%2Fwp%2Fv2%2Fcomments&post=156"}],"version-history":[{"count":31,"href":"https:\/\/laurenerolland.fr\/index.php?rest_route=\/wp\/v2\/pages\/156\/revisions"}],"predecessor-version":[{"id":1452,"href":"https:\/\/laurenerolland.fr\/index.php?rest_route=\/wp\/v2\/pages\/156\/revisions\/1452"}],"wp:attachment":[{"href":"https:\/\/laurenerolland.fr\/index.php?rest_route=%2Fwp%2Fv2%2Fmedia&parent=156"}],"curies":[{"name":"wp","href":"https:\/\/api.w.org\/{rel}","templated":true}]}}