{"id":154,"date":"2023-07-01T13:44:18","date_gmt":"2023-07-01T13:44:18","guid":{"rendered":"https:\/\/laurenerolland.fr\/?page_id=154"},"modified":"2026-01-17T16:01:50","modified_gmt":"2026-01-17T16:01:50","slug":"coco-den-haut","status":"publish","type":"page","link":"https:\/\/laurenerolland.fr\/?page_id=154","title":{"rendered":"Coco d&rsquo;en haut"},"content":{"rendered":"\n<div class=\"wp-block-columns is-layout-flex wp-container-core-columns-is-layout-1 wp-block-columns-is-layout-flex\">\n<div class=\"wp-block-column is-layout-flow wp-block-column-is-layout-flow\" style=\"flex-basis:33.33%\">\n<p style=\"font-size:clamp(14px, 0.875rem + ((1vw - 3.2px) * 0.185), 16px);font-style:normal;font-weight:100\">Coco d&rsquo;en haut propose des th\u00e9\u00e2tres d&rsquo;ombres, destin\u00e9s aussi bien aux particuliers qu&rsquo;aux professionnels comme les \u00e9coles, pour stimuler l&rsquo;imagination des enfants. <br><br>Le catalogue est compos\u00e9 de photos mettant en sc\u00e8ne des d\u00e9cors en papiers d\u00e9coup\u00e9s, repr\u00e9sentant les divers univers imagin\u00e9s par Coco d&rsquo;en haut.<br><br>Tous les visuels ont \u00e9t\u00e9 r\u00e9alis\u00e9s en papiers d\u00e9coup\u00e9s.<\/p>\n<\/div>\n\n\n\n<div class=\"wp-block-column is-layout-flow wp-block-column-is-layout-flow\" style=\"flex-basis:66.66%\">\n<figure class=\"wp-block-image alignright size-large is-resized\"><img fetchpriority=\"high\" decoding=\"async\" width=\"2152\" height=\"2151\" src=\"https:\/\/laurenerolland.fr\/wp-content\/uploads\/2023\/07\/catalogue-edited-2.jpg\" alt=\"\" class=\"wp-image-248\" style=\"width:555px\" srcset=\"https:\/\/laurenerolland.fr\/wp-content\/uploads\/2023\/07\/catalogue-edited-2.jpg 2152w, https:\/\/laurenerolland.fr\/wp-content\/uploads\/2023\/07\/catalogue-edited-2-300x300.jpg 300w, https:\/\/laurenerolland.fr\/wp-content\/uploads\/2023\/07\/catalogue-edited-2-1024x1024.jpg 1024w, https:\/\/laurenerolland.fr\/wp-content\/uploads\/2023\/07\/catalogue-edited-2-150x150.jpg 150w, https:\/\/laurenerolland.fr\/wp-content\/uploads\/2023\/07\/catalogue-edited-2-768x768.jpg 768w, https:\/\/laurenerolland.fr\/wp-content\/uploads\/2023\/07\/catalogue-edited-2-1536x1536.jpg 1536w, https:\/\/laurenerolland.fr\/wp-content\/uploads\/2023\/07\/catalogue-edited-2-2048x2048.jpg 2048w\" sizes=\"(max-width: 2152px) 100vw, 2152px\" \/><\/figure>\n<\/div>\n<\/div>\n\n\n\n<figure class=\"wp-block-image size-large\"><img decoding=\"async\" width=\"2560\" height=\"1440\" src=\"https:\/\/laurenerolland.fr\/wp-content\/uploads\/2023\/07\/DSC01240-edited-scaled.jpg\" alt=\"\" class=\"wp-image-244\" srcset=\"https:\/\/laurenerolland.fr\/wp-content\/uploads\/2023\/07\/DSC01240-edited-scaled.jpg 2560w, https:\/\/laurenerolland.fr\/wp-content\/uploads\/2023\/07\/DSC01240-edited-300x169.jpg 300w, https:\/\/laurenerolland.fr\/wp-content\/uploads\/2023\/07\/DSC01240-edited-1024x576.jpg 1024w, https:\/\/laurenerolland.fr\/wp-content\/uploads\/2023\/07\/DSC01240-edited-768x432.jpg 768w, https:\/\/laurenerolland.fr\/wp-content\/uploads\/2023\/07\/DSC01240-edited-1536x864.jpg 1536w, https:\/\/laurenerolland.fr\/wp-content\/uploads\/2023\/07\/DSC01240-edited-2048x1152.jpg 2048w\" sizes=\"(max-width: 2560px) 100vw, 2560px\" \/><\/figure>\n\n\n\n<figure class=\"wp-block-image size-large\"><img decoding=\"async\" width=\"2050\" height=\"1153\" src=\"https:\/\/laurenerolland.fr\/wp-content\/uploads\/2023\/08\/catalogue-edited.jpg\" alt=\"\" class=\"wp-image-471\" srcset=\"https:\/\/laurenerolland.fr\/wp-content\/uploads\/2023\/08\/catalogue-edited.jpg 2050w, https:\/\/laurenerolland.fr\/wp-content\/uploads\/2023\/08\/catalogue-edited-300x169.jpg 300w, https:\/\/laurenerolland.fr\/wp-content\/uploads\/2023\/08\/catalogue-edited-1024x576.jpg 1024w, https:\/\/laurenerolland.fr\/wp-content\/uploads\/2023\/08\/catalogue-edited-768x432.jpg 768w, https:\/\/laurenerolland.fr\/wp-content\/uploads\/2023\/08\/catalogue-edited-1536x864.jpg 1536w, https:\/\/laurenerolland.fr\/wp-content\/uploads\/2023\/08\/catalogue-edited-2048x1152.jpg 2048w\" sizes=\"(max-width: 2050px) 100vw, 2050px\" \/><\/figure>\n\n\n\n<figure class=\"wp-block-image size-large\"><img loading=\"lazy\" decoding=\"async\" width=\"2560\" height=\"1439\" src=\"https:\/\/laurenerolland.fr\/wp-content\/uploads\/2023\/07\/catalogue2-1-edited-scaled.jpg\" alt=\"\" class=\"wp-image-245\" srcset=\"https:\/\/laurenerolland.fr\/wp-content\/uploads\/2023\/07\/catalogue2-1-edited-scaled.jpg 2560w, https:\/\/laurenerolland.fr\/wp-content\/uploads\/2023\/07\/catalogue2-1-edited-300x169.jpg 300w, https:\/\/laurenerolland.fr\/wp-content\/uploads\/2023\/07\/catalogue2-1-edited-1024x576.jpg 1024w, https:\/\/laurenerolland.fr\/wp-content\/uploads\/2023\/07\/catalogue2-1-edited-768x432.jpg 768w, https:\/\/laurenerolland.fr\/wp-content\/uploads\/2023\/07\/catalogue2-1-edited-1536x863.jpg 1536w, https:\/\/laurenerolland.fr\/wp-content\/uploads\/2023\/07\/catalogue2-1-edited-2048x1151.jpg 2048w\" sizes=\"(max-width: 2560px) 100vw, 2560px\" \/><\/figure>\n\n\n\n<figure class=\"wp-block-image size-large\"><img loading=\"lazy\" decoding=\"async\" width=\"1886\" height=\"1178\" src=\"https:\/\/laurenerolland.fr\/wp-content\/uploads\/2023\/08\/catalogue-edited-1.jpg\" alt=\"\" class=\"wp-image-472\" srcset=\"https:\/\/laurenerolland.fr\/wp-content\/uploads\/2023\/08\/catalogue-edited-1.jpg 1886w, https:\/\/laurenerolland.fr\/wp-content\/uploads\/2023\/08\/catalogue-edited-1-300x187.jpg 300w, https:\/\/laurenerolland.fr\/wp-content\/uploads\/2023\/08\/catalogue-edited-1-1024x640.jpg 1024w, https:\/\/laurenerolland.fr\/wp-content\/uploads\/2023\/08\/catalogue-edited-1-768x480.jpg 768w, https:\/\/laurenerolland.fr\/wp-content\/uploads\/2023\/08\/catalogue-edited-1-1536x959.jpg 1536w\" sizes=\"(max-width: 1886px) 100vw, 1886px\" \/><\/figure>\n\n\n\n<figure class=\"wp-block-image size-large\"><img loading=\"lazy\" decoding=\"async\" width=\"2560\" height=\"1440\" src=\"https:\/\/laurenerolland.fr\/wp-content\/uploads\/2024\/12\/catalogue3-edited-scaled.jpg\" alt=\"\" class=\"wp-image-1113\" srcset=\"https:\/\/laurenerolland.fr\/wp-content\/uploads\/2024\/12\/catalogue3-edited-scaled.jpg 2560w, https:\/\/laurenerolland.fr\/wp-content\/uploads\/2024\/12\/catalogue3-edited-300x169.jpg 300w, https:\/\/laurenerolland.fr\/wp-content\/uploads\/2024\/12\/catalogue3-edited-1024x576.jpg 1024w, https:\/\/laurenerolland.fr\/wp-content\/uploads\/2024\/12\/catalogue3-edited-768x432.jpg 768w, https:\/\/laurenerolland.fr\/wp-content\/uploads\/2024\/12\/catalogue3-edited-1536x864.jpg 1536w, https:\/\/laurenerolland.fr\/wp-content\/uploads\/2024\/12\/catalogue3-edited-2048x1152.jpg 2048w\" sizes=\"(max-width: 2560px) 100vw, 2560px\" \/><\/figure>\n","protected":false},"excerpt":{"rendered":"<p>Coco d&rsquo;en haut propose des th\u00e9\u00e2tres d&rsquo;ombres, destin\u00e9s aussi bien aux particuliers qu&rsquo;aux professionnels comme les \u00e9coles, pour stimuler l&rsquo;imagination des enfants. Le catalogue est compos\u00e9 de photos mettant en sc\u00e8ne des d\u00e9cors en papiers d\u00e9coup\u00e9s, repr\u00e9sentant les divers univers imagin\u00e9s par Coco d&rsquo;en haut. Tous les visuels ont \u00e9t\u00e9 r\u00e9alis\u00e9s en papiers d\u00e9coup\u00e9s.<\/p>\n","protected":false},"author":1,"featured_media":0,"parent":0,"menu_order":0,"comment_status":"closed","ping_status":"closed","template":"","meta":{"footnotes":""},"class_list":["post-154","page","type-page","status-publish","hentry"],"_links":{"self":[{"href":"https:\/\/laurenerolland.fr\/index.php?rest_route=\/wp\/v2\/pages\/154","targetHints":{"allow":["GET"]}}],"collection":[{"href":"https:\/\/laurenerolland.fr\/index.php?rest_route=\/wp\/v2\/pages"}],"about":[{"href":"https:\/\/laurenerolland.fr\/index.php?rest_route=\/wp\/v2\/types\/page"}],"author":[{"embeddable":true,"href":"https:\/\/laurenerolland.fr\/index.php?rest_route=\/wp\/v2\/users\/1"}],"replies":[{"embeddable":true,"href":"https:\/\/laurenerolland.fr\/index.php?rest_route=%2Fwp%2Fv2%2Fcomments&post=154"}],"version-history":[{"count":18,"href":"https:\/\/laurenerolland.fr\/index.php?rest_route=\/wp\/v2\/pages\/154\/revisions"}],"predecessor-version":[{"id":1432,"href":"https:\/\/laurenerolland.fr\/index.php?rest_route=\/wp\/v2\/pages\/154\/revisions\/1432"}],"wp:attachment":[{"href":"https:\/\/laurenerolland.fr\/index.php?rest_route=%2Fwp%2Fv2%2Fmedia&parent=154"}],"curies":[{"name":"wp","href":"https:\/\/api.w.org\/{rel}","templated":true}]}}