{"id":152,"date":"2023-07-01T13:43:42","date_gmt":"2023-07-01T13:43:42","guid":{"rendered":"https:\/\/laurenerolland.fr\/?page_id=152"},"modified":"2026-01-17T16:02:16","modified_gmt":"2026-01-17T16:02:16","slug":"highsociety-campagne-pub","status":"publish","type":"page","link":"https:\/\/laurenerolland.fr\/?page_id=152","title":{"rendered":"M\u00e9dias imprim\u00e9s"},"content":{"rendered":"\n<div class=\"wp-block-columns is-layout-flex wp-container-core-columns-is-layout-1 wp-block-columns-is-layout-flex\">\n<div class=\"wp-block-column is-layout-flow wp-block-column-is-layout-flow\" style=\"flex-basis:33.33%\">\n<p class=\"has-custom-color-1-color has-text-color\" style=\"font-size:clamp(14px, 0.875rem + ((1vw - 3.2px) * 0.185), 16px);font-style:normal;font-weight:100;line-height:1.4\">HighSociety, pionni\u00e8re du CBD en France, est une marque engag\u00e9e qui pr\u00f4ne une approche informative aupr\u00e8s du grand public sur les vertus de la plante de chanvre. Avec plus de 170 boutiques en France et en Europe.<\/p>\n<\/div>\n\n\n\n<div class=\"wp-block-column is-layout-flow wp-block-column-is-layout-flow\" style=\"flex-basis:66.66%\">\n<figure class=\"wp-block-image alignright size-large is-resized\"><img fetchpriority=\"high\" decoding=\"async\" width=\"1024\" height=\"1024\" src=\"http:\/\/laurenerolland.fr\/wp-content\/uploads\/2023\/11\/logan-weaver-lgnwvr-78iLIC2FUdA-unsplash-edited-1024x1024.jpg\" alt=\"\" class=\"wp-image-683\" style=\"width:555px\" srcset=\"https:\/\/laurenerolland.fr\/wp-content\/uploads\/2023\/11\/logan-weaver-lgnwvr-78iLIC2FUdA-unsplash-edited-1024x1024.jpg 1024w, https:\/\/laurenerolland.fr\/wp-content\/uploads\/2023\/11\/logan-weaver-lgnwvr-78iLIC2FUdA-unsplash-edited-300x300.jpg 300w, https:\/\/laurenerolland.fr\/wp-content\/uploads\/2023\/11\/logan-weaver-lgnwvr-78iLIC2FUdA-unsplash-edited-150x150.jpg 150w, https:\/\/laurenerolland.fr\/wp-content\/uploads\/2023\/11\/logan-weaver-lgnwvr-78iLIC2FUdA-unsplash-edited-768x769.jpg 768w, https:\/\/laurenerolland.fr\/wp-content\/uploads\/2023\/11\/logan-weaver-lgnwvr-78iLIC2FUdA-unsplash-edited-1536x1536.jpg 1536w, https:\/\/laurenerolland.fr\/wp-content\/uploads\/2023\/11\/logan-weaver-lgnwvr-78iLIC2FUdA-unsplash-edited-2048x2048.jpg 2048w\" sizes=\"(max-width: 1024px) 100vw, 1024px\" \/><\/figure>\n<\/div>\n<\/div>\n\n\n\n<figure class=\"wp-block-image size-large\"><img decoding=\"async\" width=\"1024\" height=\"683\" src=\"https:\/\/laurenerolland.fr\/wp-content\/uploads\/2023\/10\/Mockup_Vitrophanie_1-1024x683.jpg\" alt=\"\" class=\"wp-image-553\" srcset=\"https:\/\/laurenerolland.fr\/wp-content\/uploads\/2023\/10\/Mockup_Vitrophanie_1-1024x683.jpg 1024w, https:\/\/laurenerolland.fr\/wp-content\/uploads\/2023\/10\/Mockup_Vitrophanie_1-300x200.jpg 300w, https:\/\/laurenerolland.fr\/wp-content\/uploads\/2023\/10\/Mockup_Vitrophanie_1-768x512.jpg 768w, https:\/\/laurenerolland.fr\/wp-content\/uploads\/2023\/10\/Mockup_Vitrophanie_1-1536x1024.jpg 1536w, https:\/\/laurenerolland.fr\/wp-content\/uploads\/2023\/10\/Mockup_Vitrophanie_1-2048x1365.jpg 2048w\" sizes=\"(max-width: 1024px) 100vw, 1024px\" \/><\/figure>\n\n\n\n<div class=\"wp-block-columns is-layout-flex wp-container-core-columns-is-layout-2 wp-block-columns-is-layout-flex\">\n<div class=\"wp-block-column is-layout-flow wp-block-column-is-layout-flow\">\n<figure class=\"wp-block-image size-large\"><img decoding=\"async\" width=\"1206\" height=\"1930\" src=\"https:\/\/laurenerolland.fr\/wp-content\/uploads\/2023\/10\/Free_Citylight_Mockup_1-edited-1.jpg\" alt=\"\" class=\"wp-image-577\" srcset=\"https:\/\/laurenerolland.fr\/wp-content\/uploads\/2023\/10\/Free_Citylight_Mockup_1-edited-1.jpg 1206w, https:\/\/laurenerolland.fr\/wp-content\/uploads\/2023\/10\/Free_Citylight_Mockup_1-edited-1-187x300.jpg 187w, https:\/\/laurenerolland.fr\/wp-content\/uploads\/2023\/10\/Free_Citylight_Mockup_1-edited-1-640x1024.jpg 640w, https:\/\/laurenerolland.fr\/wp-content\/uploads\/2023\/10\/Free_Citylight_Mockup_1-edited-1-768x1229.jpg 768w, https:\/\/laurenerolland.fr\/wp-content\/uploads\/2023\/10\/Free_Citylight_Mockup_1-edited-1-960x1536.jpg 960w\" sizes=\"(max-width: 1206px) 100vw, 1206px\" \/><\/figure>\n<\/div>\n\n\n\n<div class=\"wp-block-column is-layout-flow wp-block-column-is-layout-flow\">\n<figure class=\"wp-block-image size-large\"><img loading=\"lazy\" decoding=\"async\" width=\"1405\" height=\"2250\" src=\"https:\/\/laurenerolland.fr\/wp-content\/uploads\/2023\/10\/Free_Citylight_Mockup_2-1-edited-2.jpg\" alt=\"\" class=\"wp-image-576\" srcset=\"https:\/\/laurenerolland.fr\/wp-content\/uploads\/2023\/10\/Free_Citylight_Mockup_2-1-edited-2.jpg 1405w, https:\/\/laurenerolland.fr\/wp-content\/uploads\/2023\/10\/Free_Citylight_Mockup_2-1-edited-2-187x300.jpg 187w, https:\/\/laurenerolland.fr\/wp-content\/uploads\/2023\/10\/Free_Citylight_Mockup_2-1-edited-2-639x1024.jpg 639w, https:\/\/laurenerolland.fr\/wp-content\/uploads\/2023\/10\/Free_Citylight_Mockup_2-1-edited-2-768x1230.jpg 768w, https:\/\/laurenerolland.fr\/wp-content\/uploads\/2023\/10\/Free_Citylight_Mockup_2-1-edited-2-959x1536.jpg 959w, https:\/\/laurenerolland.fr\/wp-content\/uploads\/2023\/10\/Free_Citylight_Mockup_2-1-edited-2-1279x2048.jpg 1279w\" sizes=\"(max-width: 1405px) 100vw, 1405px\" \/><\/figure>\n<\/div>\n<\/div>\n","protected":false},"excerpt":{"rendered":"<p>HighSociety, pionni\u00e8re du CBD en France, est une marque engag\u00e9e qui pr\u00f4ne une approche informative aupr\u00e8s du grand public sur les vertus de la plante de chanvre. Avec plus de 170 boutiques en France et en Europe.<\/p>\n","protected":false},"author":1,"featured_media":0,"parent":0,"menu_order":0,"comment_status":"closed","ping_status":"closed","template":"","meta":{"footnotes":""},"class_list":["post-152","page","type-page","status-publish","hentry"],"_links":{"self":[{"href":"https:\/\/laurenerolland.fr\/index.php?rest_route=\/wp\/v2\/pages\/152","targetHints":{"allow":["GET"]}}],"collection":[{"href":"https:\/\/laurenerolland.fr\/index.php?rest_route=\/wp\/v2\/pages"}],"about":[{"href":"https:\/\/laurenerolland.fr\/index.php?rest_route=\/wp\/v2\/types\/page"}],"author":[{"embeddable":true,"href":"https:\/\/laurenerolland.fr\/index.php?rest_route=\/wp\/v2\/users\/1"}],"replies":[{"embeddable":true,"href":"https:\/\/laurenerolland.fr\/index.php?rest_route=%2Fwp%2Fv2%2Fcomments&post=152"}],"version-history":[{"count":30,"href":"https:\/\/laurenerolland.fr\/index.php?rest_route=\/wp\/v2\/pages\/152\/revisions"}],"predecessor-version":[{"id":1433,"href":"https:\/\/laurenerolland.fr\/index.php?rest_route=\/wp\/v2\/pages\/152\/revisions\/1433"}],"wp:attachment":[{"href":"https:\/\/laurenerolland.fr\/index.php?rest_route=%2Fwp%2Fv2%2Fmedia&parent=152"}],"curies":[{"name":"wp","href":"https:\/\/api.w.org\/{rel}","templated":true}]}}