{"id":1494,"date":"2026-01-18T18:06:01","date_gmt":"2026-01-18T18:06:01","guid":{"rendered":"https:\/\/laurenerolland.fr\/?page_id=1494"},"modified":"2026-01-22T08:43:29","modified_gmt":"2026-01-22T08:43:29","slug":"dwich-yourself","status":"publish","type":"page","link":"https:\/\/laurenerolland.fr\/?page_id=1494","title":{"rendered":"Dwich Yourself"},"content":{"rendered":"\n<div class=\"wp-block-columns is-layout-flex wp-container-core-columns-is-layout-1 wp-block-columns-is-layout-flex\">\n<div class=\"wp-block-column is-layout-flow wp-block-column-is-layout-flow\" style=\"flex-basis:33%\">\n<p class=\"has-small-font-size\">Aujourd&rsquo;hui, les r\u00e9seaux sociaux regorgent de contenus culinaires. Assiettes parfaites, recettes \u00e0 la chaine, contenus calibr\u00e9s pour la viralit\u00e9s.<br>Et les chef.fes dans tout \u00e7a ?\u00a0On ne connait ni leur <strong>v\u00e9cu<\/strong>, ni leur <strong>h\u00e9ritage<\/strong>, ni leur <strong>parcours<\/strong>. Et pourtant, un plat dit beaucoup sur celui qui le pr\u00e9pare.   <br>Donnons leur la parole.<br><br>Dwich yourself est une s\u00e9rie de portraits vid\u00e9o, o\u00f9 un.e chef.fe pr\u00e9pare un sandwich tout en partageant son histoire.<br>Un format <strong>intime, sinc\u00e8re<\/strong>, qui met la cuisine au service du r\u00e9cit : on parle de m\u00e9moire, de transmission, de cuisine populaire. Parce que ce qu&rsquo;ils cuisinent, c&rsquo;est ce qu&rsquo;ils sont. Et leur histoire m\u00e9rite d&rsquo;\u00eatre entendue.\u00a0\u00a0<\/p>\n<\/div>\n\n\n\n<div class=\"wp-block-column is-layout-flow wp-block-column-is-layout-flow\">\n<figure class=\"wp-block-image alignright size-full is-resized\"><img fetchpriority=\"high\" decoding=\"async\" width=\"948\" height=\"945\" src=\"https:\/\/laurenerolland.fr\/wp-content\/uploads\/2026\/01\/Formes-et-couleurs.jpg\" alt=\"\" class=\"wp-image-1515\" style=\"width:555px\" srcset=\"https:\/\/laurenerolland.fr\/wp-content\/uploads\/2026\/01\/Formes-et-couleurs.jpg 948w, https:\/\/laurenerolland.fr\/wp-content\/uploads\/2026\/01\/Formes-et-couleurs-300x300.jpg 300w, https:\/\/laurenerolland.fr\/wp-content\/uploads\/2026\/01\/Formes-et-couleurs-150x150.jpg 150w, https:\/\/laurenerolland.fr\/wp-content\/uploads\/2026\/01\/Formes-et-couleurs-768x766.jpg 768w\" sizes=\"(max-width: 948px) 100vw, 948px\" \/><\/figure>\n<\/div>\n<\/div>\n\n\n\n<figure class=\"wp-block-image size-full\"><img decoding=\"async\" width=\"2560\" height=\"873\" src=\"https:\/\/laurenerolland.fr\/wp-content\/uploads\/2026\/01\/Formes-et-couleurs-06-2-scaled.jpg\" alt=\"\" class=\"wp-image-1513\" srcset=\"https:\/\/laurenerolland.fr\/wp-content\/uploads\/2026\/01\/Formes-et-couleurs-06-2-scaled.jpg 2560w, https:\/\/laurenerolland.fr\/wp-content\/uploads\/2026\/01\/Formes-et-couleurs-06-2-300x102.jpg 300w, https:\/\/laurenerolland.fr\/wp-content\/uploads\/2026\/01\/Formes-et-couleurs-06-2-1024x349.jpg 1024w, https:\/\/laurenerolland.fr\/wp-content\/uploads\/2026\/01\/Formes-et-couleurs-06-2-768x262.jpg 768w, https:\/\/laurenerolland.fr\/wp-content\/uploads\/2026\/01\/Formes-et-couleurs-06-2-1536x524.jpg 1536w, https:\/\/laurenerolland.fr\/wp-content\/uploads\/2026\/01\/Formes-et-couleurs-06-2-2048x698.jpg 2048w\" sizes=\"(max-width: 2560px) 100vw, 2560px\" \/><\/figure>\n\n\n\n<figure class=\"wp-block-image size-full\"><img decoding=\"async\" width=\"2560\" height=\"1080\" src=\"https:\/\/laurenerolland.fr\/wp-content\/uploads\/2026\/01\/Formes-et-couleurs-05-2-scaled.jpg\" alt=\"\" class=\"wp-image-1512\" srcset=\"https:\/\/laurenerolland.fr\/wp-content\/uploads\/2026\/01\/Formes-et-couleurs-05-2-scaled.jpg 2560w, https:\/\/laurenerolland.fr\/wp-content\/uploads\/2026\/01\/Formes-et-couleurs-05-2-300x127.jpg 300w, https:\/\/laurenerolland.fr\/wp-content\/uploads\/2026\/01\/Formes-et-couleurs-05-2-1024x432.jpg 1024w, https:\/\/laurenerolland.fr\/wp-content\/uploads\/2026\/01\/Formes-et-couleurs-05-2-768x324.jpg 768w, https:\/\/laurenerolland.fr\/wp-content\/uploads\/2026\/01\/Formes-et-couleurs-05-2-1536x648.jpg 1536w, https:\/\/laurenerolland.fr\/wp-content\/uploads\/2026\/01\/Formes-et-couleurs-05-2-2048x864.jpg 2048w\" sizes=\"(max-width: 2560px) 100vw, 2560px\" \/><\/figure>\n\n\n\n<figure class=\"wp-block-image size-full\"><img loading=\"lazy\" decoding=\"async\" width=\"2560\" height=\"637\" src=\"https:\/\/laurenerolland.fr\/wp-content\/uploads\/2026\/01\/Formes-et-couleurs-07-2-scaled.jpg\" alt=\"\" class=\"wp-image-1511\" srcset=\"https:\/\/laurenerolland.fr\/wp-content\/uploads\/2026\/01\/Formes-et-couleurs-07-2-scaled.jpg 2560w, https:\/\/laurenerolland.fr\/wp-content\/uploads\/2026\/01\/Formes-et-couleurs-07-2-300x75.jpg 300w, https:\/\/laurenerolland.fr\/wp-content\/uploads\/2026\/01\/Formes-et-couleurs-07-2-1024x255.jpg 1024w, https:\/\/laurenerolland.fr\/wp-content\/uploads\/2026\/01\/Formes-et-couleurs-07-2-768x191.jpg 768w, https:\/\/laurenerolland.fr\/wp-content\/uploads\/2026\/01\/Formes-et-couleurs-07-2-1536x382.jpg 1536w, https:\/\/laurenerolland.fr\/wp-content\/uploads\/2026\/01\/Formes-et-couleurs-07-2-2048x510.jpg 2048w\" sizes=\"(max-width: 2560px) 100vw, 2560px\" \/><\/figure>\n\n\n\n<figure class=\"wp-block-image size-full\"><img loading=\"lazy\" decoding=\"async\" width=\"2560\" height=\"958\" src=\"https:\/\/laurenerolland.fr\/wp-content\/uploads\/2026\/01\/Formes-et-couleurs-08-2-scaled.jpg\" alt=\"\" class=\"wp-image-1510\" srcset=\"https:\/\/laurenerolland.fr\/wp-content\/uploads\/2026\/01\/Formes-et-couleurs-08-2-scaled.jpg 2560w, https:\/\/laurenerolland.fr\/wp-content\/uploads\/2026\/01\/Formes-et-couleurs-08-2-300x112.jpg 300w, https:\/\/laurenerolland.fr\/wp-content\/uploads\/2026\/01\/Formes-et-couleurs-08-2-1024x383.jpg 1024w, https:\/\/laurenerolland.fr\/wp-content\/uploads\/2026\/01\/Formes-et-couleurs-08-2-768x287.jpg 768w, https:\/\/laurenerolland.fr\/wp-content\/uploads\/2026\/01\/Formes-et-couleurs-08-2-1536x575.jpg 1536w, https:\/\/laurenerolland.fr\/wp-content\/uploads\/2026\/01\/Formes-et-couleurs-08-2-2048x766.jpg 2048w\" sizes=\"(max-width: 2560px) 100vw, 2560px\" \/><\/figure>\n","protected":false},"excerpt":{"rendered":"<p>Aujourd&rsquo;hui, les r\u00e9seaux sociaux regorgent de contenus culinaires. Assiettes parfaites, recettes \u00e0 la chaine, contenus calibr\u00e9s pour la viralit\u00e9s.Et les chef.fes dans tout \u00e7a ?\u00a0On ne connait ni leur v\u00e9cu, ni leur h\u00e9ritage, ni leur parcours. Et pourtant, un plat dit beaucoup sur celui qui le pr\u00e9pare. Donnons leur la parole. Dwich yourself est une [&hellip;]<\/p>\n","protected":false},"author":1,"featured_media":0,"parent":0,"menu_order":0,"comment_status":"closed","ping_status":"closed","template":"","meta":{"footnotes":""},"class_list":["post-1494","page","type-page","status-publish","hentry"],"_links":{"self":[{"href":"https:\/\/laurenerolland.fr\/index.php?rest_route=\/wp\/v2\/pages\/1494","targetHints":{"allow":["GET"]}}],"collection":[{"href":"https:\/\/laurenerolland.fr\/index.php?rest_route=\/wp\/v2\/pages"}],"about":[{"href":"https:\/\/laurenerolland.fr\/index.php?rest_route=\/wp\/v2\/types\/page"}],"author":[{"embeddable":true,"href":"https:\/\/laurenerolland.fr\/index.php?rest_route=\/wp\/v2\/users\/1"}],"replies":[{"embeddable":true,"href":"https:\/\/laurenerolland.fr\/index.php?rest_route=%2Fwp%2Fv2%2Fcomments&post=1494"}],"version-history":[{"count":8,"href":"https:\/\/laurenerolland.fr\/index.php?rest_route=\/wp\/v2\/pages\/1494\/revisions"}],"predecessor-version":[{"id":1540,"href":"https:\/\/laurenerolland.fr\/index.php?rest_route=\/wp\/v2\/pages\/1494\/revisions\/1540"}],"wp:attachment":[{"href":"https:\/\/laurenerolland.fr\/index.php?rest_route=%2Fwp%2Fv2%2Fmedia&parent=1494"}],"curies":[{"name":"wp","href":"https:\/\/api.w.org\/{rel}","templated":true}]}}