{"id":148,"date":"2023-07-01T13:42:57","date_gmt":"2023-07-01T13:42:57","guid":{"rendered":"https:\/\/laurenerolland.fr\/?page_id=148"},"modified":"2026-01-19T10:58:38","modified_gmt":"2026-01-19T10:58:38","slug":"highsociety-photographies","status":"publish","type":"page","link":"https:\/\/laurenerolland.fr\/?page_id=148","title":{"rendered":"Photographies"},"content":{"rendered":"\n<div class=\"wp-block-columns is-layout-flex wp-container-core-columns-is-layout-1 wp-block-columns-is-layout-flex\">\n<div class=\"wp-block-column is-layout-constrained wp-container-core-column-is-layout-1 wp-block-column-is-layout-constrained\" style=\"flex-basis:33%\">\n<p style=\"font-size:clamp(14px, 0.875rem + ((1vw - 3.2px) * 0.185), 16px);font-style:normal;font-weight:100\">Photographies destin\u00e9es \u00e0 enrichir tous les supports de communication, ainsi qu&rsquo;\u00e0 dynamiser la pr\u00e9sence sur les r\u00e9seaux sociaux.<\/p>\n<\/div>\n\n\n\n<div class=\"wp-block-column is-layout-flow wp-block-column-is-layout-flow\" style=\"flex-basis:65.5%\">\n<figure class=\"wp-block-image alignright size-full is-resized\"><img fetchpriority=\"high\" decoding=\"async\" width=\"1080\" height=\"1080\" src=\"https:\/\/laurenerolland.fr\/wp-content\/uploads\/2024\/03\/GIF_Gamme-Otzi.gif\" alt=\"\" class=\"wp-image-1066\" style=\"width:555px\"\/><\/figure>\n<\/div>\n<\/div>\n\n\n\n<div class=\"wp-block-columns is-layout-flex wp-container-core-columns-is-layout-2 wp-block-columns-is-layout-flex\">\n<div class=\"wp-block-column is-layout-flow wp-block-column-is-layout-flow\">\n<figure class=\"wp-block-image size-large\"><img decoding=\"async\" width=\"2160\" height=\"2160\" src=\"https:\/\/laurenerolland.fr\/wp-content\/uploads\/2024\/03\/Infusion-Detox-edited.jpg\" alt=\"\" class=\"wp-image-1068\" srcset=\"https:\/\/laurenerolland.fr\/wp-content\/uploads\/2024\/03\/Infusion-Detox-edited.jpg 2160w, https:\/\/laurenerolland.fr\/wp-content\/uploads\/2024\/03\/Infusion-Detox-edited-300x300.jpg 300w, https:\/\/laurenerolland.fr\/wp-content\/uploads\/2024\/03\/Infusion-Detox-edited-1024x1024.jpg 1024w, https:\/\/laurenerolland.fr\/wp-content\/uploads\/2024\/03\/Infusion-Detox-edited-150x150.jpg 150w, https:\/\/laurenerolland.fr\/wp-content\/uploads\/2024\/03\/Infusion-Detox-edited-768x768.jpg 768w, https:\/\/laurenerolland.fr\/wp-content\/uploads\/2024\/03\/Infusion-Detox-edited-1536x1536.jpg 1536w, https:\/\/laurenerolland.fr\/wp-content\/uploads\/2024\/03\/Infusion-Detox-edited-2048x2048.jpg 2048w\" sizes=\"(max-width: 2160px) 100vw, 2160px\" \/><\/figure>\n<\/div>\n\n\n\n<div class=\"wp-block-column is-layout-flow wp-block-column-is-layout-flow\">\n<figure class=\"wp-block-image size-large\"><img decoding=\"async\" width=\"2160\" height=\"2160\" src=\"https:\/\/laurenerolland.fr\/wp-content\/uploads\/2024\/03\/Infusion-Relax-edited.jpg\" alt=\"\" class=\"wp-image-1063\" srcset=\"https:\/\/laurenerolland.fr\/wp-content\/uploads\/2024\/03\/Infusion-Relax-edited.jpg 2160w, https:\/\/laurenerolland.fr\/wp-content\/uploads\/2024\/03\/Infusion-Relax-edited-300x300.jpg 300w, https:\/\/laurenerolland.fr\/wp-content\/uploads\/2024\/03\/Infusion-Relax-edited-1024x1024.jpg 1024w, https:\/\/laurenerolland.fr\/wp-content\/uploads\/2024\/03\/Infusion-Relax-edited-150x150.jpg 150w, https:\/\/laurenerolland.fr\/wp-content\/uploads\/2024\/03\/Infusion-Relax-edited-768x768.jpg 768w, https:\/\/laurenerolland.fr\/wp-content\/uploads\/2024\/03\/Infusion-Relax-edited-1536x1536.jpg 1536w, https:\/\/laurenerolland.fr\/wp-content\/uploads\/2024\/03\/Infusion-Relax-edited-2048x2048.jpg 2048w\" sizes=\"(max-width: 2160px) 100vw, 2160px\" \/><\/figure>\n<\/div>\n<\/div>\n\n\n\n<figure class=\"wp-block-image size-large\"><img loading=\"lazy\" decoding=\"async\" width=\"2560\" height=\"1707\" src=\"https:\/\/laurenerolland.fr\/wp-content\/uploads\/2023\/07\/Ivory-5-edited-scaled.jpg\" alt=\"\" class=\"wp-image-231\" srcset=\"https:\/\/laurenerolland.fr\/wp-content\/uploads\/2023\/07\/Ivory-5-edited-scaled.jpg 2560w, https:\/\/laurenerolland.fr\/wp-content\/uploads\/2023\/07\/Ivory-5-edited-300x200.jpg 300w, https:\/\/laurenerolland.fr\/wp-content\/uploads\/2023\/07\/Ivory-5-edited-1024x683.jpg 1024w, https:\/\/laurenerolland.fr\/wp-content\/uploads\/2023\/07\/Ivory-5-edited-768x512.jpg 768w, https:\/\/laurenerolland.fr\/wp-content\/uploads\/2023\/07\/Ivory-5-edited-1536x1024.jpg 1536w, https:\/\/laurenerolland.fr\/wp-content\/uploads\/2023\/07\/Ivory-5-edited-2048x1366.jpg 2048w\" sizes=\"(max-width: 2560px) 100vw, 2560px\" \/><\/figure>\n\n\n\n<div class=\"wp-block-columns is-layout-flex wp-container-core-columns-is-layout-3 wp-block-columns-is-layout-flex\">\n<div class=\"wp-block-column is-layout-flow wp-block-column-is-layout-flow\">\n<figure class=\"wp-block-image size-large\"><img loading=\"lazy\" decoding=\"async\" width=\"1024\" height=\"1024\" src=\"https:\/\/laurenerolland.fr\/wp-content\/uploads\/2024\/03\/Visu_1_1_IG_Astrologie_Cancer-1024x1024.jpg\" alt=\"\" class=\"wp-image-1080\" srcset=\"https:\/\/laurenerolland.fr\/wp-content\/uploads\/2024\/03\/Visu_1_1_IG_Astrologie_Cancer-1024x1024.jpg 1024w, https:\/\/laurenerolland.fr\/wp-content\/uploads\/2024\/03\/Visu_1_1_IG_Astrologie_Cancer-300x300.jpg 300w, https:\/\/laurenerolland.fr\/wp-content\/uploads\/2024\/03\/Visu_1_1_IG_Astrologie_Cancer-150x150.jpg 150w, https:\/\/laurenerolland.fr\/wp-content\/uploads\/2024\/03\/Visu_1_1_IG_Astrologie_Cancer-768x768.jpg 768w, https:\/\/laurenerolland.fr\/wp-content\/uploads\/2024\/03\/Visu_1_1_IG_Astrologie_Cancer.jpg 1080w\" sizes=\"(max-width: 1024px) 100vw, 1024px\" \/><\/figure>\n<\/div>\n\n\n\n<div class=\"wp-block-column is-layout-flow wp-block-column-is-layout-flow\">\n<figure class=\"wp-block-image size-large\"><img loading=\"lazy\" decoding=\"async\" width=\"1024\" height=\"1024\" src=\"https:\/\/laurenerolland.fr\/wp-content\/uploads\/2024\/03\/Visu_1_1_IG_Astrologie_Scorpion-1024x1024.jpg\" alt=\"\" class=\"wp-image-1081\" srcset=\"https:\/\/laurenerolland.fr\/wp-content\/uploads\/2024\/03\/Visu_1_1_IG_Astrologie_Scorpion-1024x1024.jpg 1024w, https:\/\/laurenerolland.fr\/wp-content\/uploads\/2024\/03\/Visu_1_1_IG_Astrologie_Scorpion-300x300.jpg 300w, https:\/\/laurenerolland.fr\/wp-content\/uploads\/2024\/03\/Visu_1_1_IG_Astrologie_Scorpion-150x150.jpg 150w, https:\/\/laurenerolland.fr\/wp-content\/uploads\/2024\/03\/Visu_1_1_IG_Astrologie_Scorpion-768x768.jpg 768w, https:\/\/laurenerolland.fr\/wp-content\/uploads\/2024\/03\/Visu_1_1_IG_Astrologie_Scorpion.jpg 1080w\" sizes=\"(max-width: 1024px) 100vw, 1024px\" \/><\/figure>\n<\/div>\n<\/div>\n\n\n\n<figure class=\"wp-block-image size-large is-resized\"><img loading=\"lazy\" decoding=\"async\" width=\"1024\" height=\"576\" src=\"http:\/\/laurenerolland.fr\/wp-content\/uploads\/2024\/03\/Gamme_Huile-CBD_2-edited-1024x576.jpg\" alt=\"\" class=\"wp-image-1072\" style=\"width:1140px;height:auto\" srcset=\"https:\/\/laurenerolland.fr\/wp-content\/uploads\/2024\/03\/Gamme_Huile-CBD_2-edited-1024x576.jpg 1024w, https:\/\/laurenerolland.fr\/wp-content\/uploads\/2024\/03\/Gamme_Huile-CBD_2-edited-300x169.jpg 300w, https:\/\/laurenerolland.fr\/wp-content\/uploads\/2024\/03\/Gamme_Huile-CBD_2-edited-768x432.jpg 768w, https:\/\/laurenerolland.fr\/wp-content\/uploads\/2024\/03\/Gamme_Huile-CBD_2-edited-1536x863.jpg 1536w, https:\/\/laurenerolland.fr\/wp-content\/uploads\/2024\/03\/Gamme_Huile-CBD_2-edited-2048x1151.jpg 2048w\" sizes=\"(max-width: 1024px) 100vw, 1024px\" \/><\/figure>\n\n\n\n<div class=\"wp-block-columns is-layout-flex wp-container-core-columns-is-layout-4 wp-block-columns-is-layout-flex\">\n<div class=\"wp-block-column is-layout-flow wp-block-column-is-layout-flow\">\n<figure class=\"wp-block-image size-large\"><img loading=\"lazy\" decoding=\"async\" width=\"1024\" height=\"1024\" src=\"http:\/\/laurenerolland.fr\/wp-content\/uploads\/2023\/08\/Pic_9_16_Preroll_unite-edited-1-1024x1024.jpg\" alt=\"\" class=\"wp-image-489\" srcset=\"https:\/\/laurenerolland.fr\/wp-content\/uploads\/2023\/08\/Pic_9_16_Preroll_unite-edited-1-1024x1024.jpg 1024w, https:\/\/laurenerolland.fr\/wp-content\/uploads\/2023\/08\/Pic_9_16_Preroll_unite-edited-1-300x300.jpg 300w, https:\/\/laurenerolland.fr\/wp-content\/uploads\/2023\/08\/Pic_9_16_Preroll_unite-edited-1-150x150.jpg 150w, https:\/\/laurenerolland.fr\/wp-content\/uploads\/2023\/08\/Pic_9_16_Preroll_unite-edited-1-768x768.jpg 768w, https:\/\/laurenerolland.fr\/wp-content\/uploads\/2023\/08\/Pic_9_16_Preroll_unite-edited-1-1536x1536.jpg 1536w, https:\/\/laurenerolland.fr\/wp-content\/uploads\/2023\/08\/Pic_9_16_Preroll_unite-edited-1.jpg 1835w\" sizes=\"(max-width: 1024px) 100vw, 1024px\" \/><\/figure>\n<\/div>\n\n\n\n<div class=\"wp-block-column is-layout-flow wp-block-column-is-layout-flow\">\n<figure class=\"wp-block-image size-large\"><img loading=\"lazy\" decoding=\"async\" width=\"1200\" height=\"1200\" src=\"https:\/\/laurenerolland.fr\/wp-content\/uploads\/2026\/01\/WhatsApp-Image-2023-04-20-at-17.26.32-edited.jpeg\" alt=\"\" class=\"wp-image-1439\" srcset=\"https:\/\/laurenerolland.fr\/wp-content\/uploads\/2026\/01\/WhatsApp-Image-2023-04-20-at-17.26.32-edited.jpeg 1200w, https:\/\/laurenerolland.fr\/wp-content\/uploads\/2026\/01\/WhatsApp-Image-2023-04-20-at-17.26.32-edited-300x300.jpeg 300w, https:\/\/laurenerolland.fr\/wp-content\/uploads\/2026\/01\/WhatsApp-Image-2023-04-20-at-17.26.32-edited-1024x1024.jpeg 1024w, https:\/\/laurenerolland.fr\/wp-content\/uploads\/2026\/01\/WhatsApp-Image-2023-04-20-at-17.26.32-edited-150x150.jpeg 150w, https:\/\/laurenerolland.fr\/wp-content\/uploads\/2026\/01\/WhatsApp-Image-2023-04-20-at-17.26.32-edited-768x768.jpeg 768w\" sizes=\"(max-width: 1200px) 100vw, 1200px\" \/><\/figure>\n<\/div>\n<\/div>\n\n\n\n<div class=\"wp-block-columns is-layout-flex wp-container-core-columns-is-layout-5 wp-block-columns-is-layout-flex\">\n<div class=\"wp-block-column is-layout-flow wp-block-column-is-layout-flow\">\n<figure class=\"wp-block-image size-large\"><img loading=\"lazy\" decoding=\"async\" width=\"1080\" height=\"1080\" src=\"https:\/\/laurenerolland.fr\/wp-content\/uploads\/2023\/09\/White-widow-edited.jpg\" alt=\"\" class=\"wp-image-539\" srcset=\"https:\/\/laurenerolland.fr\/wp-content\/uploads\/2023\/09\/White-widow-edited.jpg 1080w, https:\/\/laurenerolland.fr\/wp-content\/uploads\/2023\/09\/White-widow-edited-300x300.jpg 300w, https:\/\/laurenerolland.fr\/wp-content\/uploads\/2023\/09\/White-widow-edited-1024x1024.jpg 1024w, https:\/\/laurenerolland.fr\/wp-content\/uploads\/2023\/09\/White-widow-edited-150x150.jpg 150w, https:\/\/laurenerolland.fr\/wp-content\/uploads\/2023\/09\/White-widow-edited-768x768.jpg 768w\" sizes=\"(max-width: 1080px) 100vw, 1080px\" \/><\/figure>\n<\/div>\n\n\n\n<div class=\"wp-block-column is-layout-flow wp-block-column-is-layout-flow\">\n<figure class=\"wp-block-image size-large\"><img loading=\"lazy\" decoding=\"async\" width=\"1024\" height=\"1024\" src=\"http:\/\/laurenerolland.fr\/wp-content\/uploads\/2024\/03\/HS_Set-13_California-Haze_3-edited-1024x1024.jpg\" alt=\"\" class=\"wp-image-1079\" srcset=\"https:\/\/laurenerolland.fr\/wp-content\/uploads\/2024\/03\/HS_Set-13_California-Haze_3-edited-1024x1024.jpg 1024w, https:\/\/laurenerolland.fr\/wp-content\/uploads\/2024\/03\/HS_Set-13_California-Haze_3-edited-300x300.jpg 300w, https:\/\/laurenerolland.fr\/wp-content\/uploads\/2024\/03\/HS_Set-13_California-Haze_3-edited-150x150.jpg 150w, https:\/\/laurenerolland.fr\/wp-content\/uploads\/2024\/03\/HS_Set-13_California-Haze_3-edited-768x768.jpg 768w, https:\/\/laurenerolland.fr\/wp-content\/uploads\/2024\/03\/HS_Set-13_California-Haze_3-edited-1536x1536.jpg 1536w, https:\/\/laurenerolland.fr\/wp-content\/uploads\/2024\/03\/HS_Set-13_California-Haze_3-edited-2048x2048.jpg 2048w\" sizes=\"(max-width: 1024px) 100vw, 1024px\" \/><\/figure>\n<\/div>\n<\/div>\n","protected":false},"excerpt":{"rendered":"<p>Photographies destin\u00e9es \u00e0 enrichir tous les supports de communication, ainsi qu&rsquo;\u00e0 dynamiser la pr\u00e9sence sur les r\u00e9seaux sociaux.<\/p>\n","protected":false},"author":1,"featured_media":0,"parent":0,"menu_order":0,"comment_status":"closed","ping_status":"closed","template":"","meta":{"footnotes":""},"class_list":["post-148","page","type-page","status-publish","hentry"],"_links":{"self":[{"href":"https:\/\/laurenerolland.fr\/index.php?rest_route=\/wp\/v2\/pages\/148","targetHints":{"allow":["GET"]}}],"collection":[{"href":"https:\/\/laurenerolland.fr\/index.php?rest_route=\/wp\/v2\/pages"}],"about":[{"href":"https:\/\/laurenerolland.fr\/index.php?rest_route=\/wp\/v2\/types\/page"}],"author":[{"embeddable":true,"href":"https:\/\/laurenerolland.fr\/index.php?rest_route=\/wp\/v2\/users\/1"}],"replies":[{"embeddable":true,"href":"https:\/\/laurenerolland.fr\/index.php?rest_route=%2Fwp%2Fv2%2Fcomments&post=148"}],"version-history":[{"count":54,"href":"https:\/\/laurenerolland.fr\/index.php?rest_route=\/wp\/v2\/pages\/148\/revisions"}],"predecessor-version":[{"id":1532,"href":"https:\/\/laurenerolland.fr\/index.php?rest_route=\/wp\/v2\/pages\/148\/revisions\/1532"}],"wp:attachment":[{"href":"https:\/\/laurenerolland.fr\/index.php?rest_route=%2Fwp%2Fv2%2Fmedia&parent=148"}],"curies":[{"name":"wp","href":"https:\/\/api.w.org\/{rel}","templated":true}]}}