{"id":146,"date":"2023-07-01T13:38:52","date_gmt":"2023-07-01T13:38:52","guid":{"rendered":"https:\/\/laurenerolland.fr\/?page_id=146"},"modified":"2026-01-19T11:06:18","modified_gmt":"2026-01-19T11:06:18","slug":"michelin-paw","status":"publish","type":"page","link":"https:\/\/laurenerolland.fr\/?page_id=146","title":{"rendered":"Star Paw"},"content":{"rendered":"\n<div class=\"wp-block-columns is-layout-flex wp-container-core-columns-is-layout-1 wp-block-columns-is-layout-flex\">\n<div class=\"wp-block-column has-custom-color-1-color has-text-color is-layout-flow wp-block-column-is-layout-flow\" style=\"flex-basis:34.42%\">\n<p class=\"has-custom-color-1-color has-text-color\" style=\"font-size:clamp(14px, 0.875rem + ((1vw - 3.2px) * 0.185), 16px);font-style:normal;font-weight:100\"><strong>Star Paw<\/strong> &#8211; <em>la patte \u00e9toil\u00e9e<\/em> &#8211; s\u2019inspire de l\u2019univers des distinctions culinaires.<br>L\u2019objectif \u00e9tait de concevoir une marque d\u00e9di\u00e9e aux animaux, \u00e0 la fois exclusive et haut de gamme, proposant des produits fabriqu\u00e9s \u00e0 la main par un ancien chef \u00e9toil\u00e9.<\/p>\n\n\n\n<p class=\"has-custom-color-1-color has-text-color\" style=\"font-size:clamp(14px, 0.875rem + ((1vw - 3.2px) * 0.185), 16px);font-style:normal;font-weight:100\">L\u2019approche illustr\u00e9e permet de souligner la dimension humaine et artisanale de la marque, tandis que le choix d\u2019une palette de couleurs sobre apporte \u00e9l\u00e9gance et raffinement \u00e0 l\u2019ensemble.<\/p>\n<\/div>\n\n\n\n<div class=\"wp-block-column is-layout-flow wp-block-column-is-layout-flow\">\n<figure class=\"wp-block-image alignright size-large is-resized\"><img fetchpriority=\"high\" decoding=\"async\" width=\"1024\" height=\"1024\" src=\"http:\/\/laurenerolland.fr\/wp-content\/uploads\/2026\/01\/Piste-crea-logo-Michelin-Paw-04-1-1024x1024.jpg\" alt=\"\" class=\"wp-image-1479\" style=\"width:555px\" srcset=\"https:\/\/laurenerolland.fr\/wp-content\/uploads\/2026\/01\/Piste-crea-logo-Michelin-Paw-04-1-1024x1024.jpg 1024w, https:\/\/laurenerolland.fr\/wp-content\/uploads\/2026\/01\/Piste-crea-logo-Michelin-Paw-04-1-300x300.jpg 300w, https:\/\/laurenerolland.fr\/wp-content\/uploads\/2026\/01\/Piste-crea-logo-Michelin-Paw-04-1-150x150.jpg 150w, https:\/\/laurenerolland.fr\/wp-content\/uploads\/2026\/01\/Piste-crea-logo-Michelin-Paw-04-1-768x768.jpg 768w, https:\/\/laurenerolland.fr\/wp-content\/uploads\/2026\/01\/Piste-crea-logo-Michelin-Paw-04-1.jpg 1535w\" sizes=\"(max-width: 1024px) 100vw, 1024px\" \/><\/figure>\n<\/div>\n<\/div>\n\n\n\n<figure class=\"wp-block-image size-large is-resized\"><img decoding=\"async\" width=\"1024\" height=\"683\" src=\"https:\/\/laurenerolland.fr\/wp-content\/uploads\/2026\/01\/OMYBC04-1024x683.jpg\" alt=\"\" class=\"wp-image-1468\" style=\"width:1140px;height:auto\" srcset=\"https:\/\/laurenerolland.fr\/wp-content\/uploads\/2026\/01\/OMYBC04-1024x683.jpg 1024w, https:\/\/laurenerolland.fr\/wp-content\/uploads\/2026\/01\/OMYBC04-300x200.jpg 300w, https:\/\/laurenerolland.fr\/wp-content\/uploads\/2026\/01\/OMYBC04-768x512.jpg 768w, https:\/\/laurenerolland.fr\/wp-content\/uploads\/2026\/01\/OMYBC04-1536x1024.jpg 1536w, https:\/\/laurenerolland.fr\/wp-content\/uploads\/2026\/01\/OMYBC04-2048x1365.jpg 2048w\" sizes=\"(max-width: 1024px) 100vw, 1024px\" \/><\/figure>\n\n\n\n<figure class=\"wp-block-image size-large is-resized\"><img decoding=\"async\" width=\"1024\" height=\"517\" src=\"https:\/\/laurenerolland.fr\/wp-content\/uploads\/2026\/01\/Plan-de-travail-1-2-1024x517.jpg\" alt=\"\" class=\"wp-image-1469\" style=\"width:1140px;height:auto\" srcset=\"https:\/\/laurenerolland.fr\/wp-content\/uploads\/2026\/01\/Plan-de-travail-1-2-1024x517.jpg 1024w, https:\/\/laurenerolland.fr\/wp-content\/uploads\/2026\/01\/Plan-de-travail-1-2-300x151.jpg 300w, https:\/\/laurenerolland.fr\/wp-content\/uploads\/2026\/01\/Plan-de-travail-1-2-768x388.jpg 768w, https:\/\/laurenerolland.fr\/wp-content\/uploads\/2026\/01\/Plan-de-travail-1-2-1536x776.jpg 1536w, https:\/\/laurenerolland.fr\/wp-content\/uploads\/2026\/01\/Plan-de-travail-1-2-2048x1034.jpg 2048w\" sizes=\"(max-width: 1024px) 100vw, 1024px\" \/><\/figure>\n\n\n\n<div class=\"wp-block-columns is-layout-flex wp-container-core-columns-is-layout-2 wp-block-columns-is-layout-flex\">\n<div class=\"wp-block-column is-layout-flow wp-block-column-is-layout-flow\" style=\"flex-basis:50%\">\n<figure class=\"wp-block-image size-large\"><img loading=\"lazy\" decoding=\"async\" width=\"739\" height=\"985\" src=\"https:\/\/laurenerolland.fr\/wp-content\/uploads\/2026\/01\/07-petaluma-1-1-edited.jpg\" alt=\"\" class=\"wp-image-1534\" srcset=\"https:\/\/laurenerolland.fr\/wp-content\/uploads\/2026\/01\/07-petaluma-1-1-edited.jpg 739w, https:\/\/laurenerolland.fr\/wp-content\/uploads\/2026\/01\/07-petaluma-1-1-edited-225x300.jpg 225w\" sizes=\"(max-width: 739px) 100vw, 739px\" \/><\/figure>\n<\/div>\n\n\n\n<div class=\"wp-block-column is-layout-flow wp-block-column-is-layout-flow\" style=\"flex-basis:50%\">\n<figure class=\"wp-block-image size-large\"><img loading=\"lazy\" decoding=\"async\" width=\"1089\" height=\"1451\" src=\"https:\/\/laurenerolland.fr\/wp-content\/uploads\/2026\/01\/OMYBC21-edited.jpg\" alt=\"\" class=\"wp-image-1474\" srcset=\"https:\/\/laurenerolland.fr\/wp-content\/uploads\/2026\/01\/OMYBC21-edited.jpg 1089w, https:\/\/laurenerolland.fr\/wp-content\/uploads\/2026\/01\/OMYBC21-edited-225x300.jpg 225w, https:\/\/laurenerolland.fr\/wp-content\/uploads\/2026\/01\/OMYBC21-edited-769x1024.jpg 769w, https:\/\/laurenerolland.fr\/wp-content\/uploads\/2026\/01\/OMYBC21-edited-768x1023.jpg 768w\" sizes=\"(max-width: 1089px) 100vw, 1089px\" \/><\/figure>\n<\/div>\n<\/div>\n","protected":false},"excerpt":{"rendered":"<p>Star Paw &#8211; la patte \u00e9toil\u00e9e &#8211; s\u2019inspire de l\u2019univers des distinctions culinaires.L\u2019objectif \u00e9tait de concevoir une marque d\u00e9di\u00e9e aux animaux, \u00e0 la fois exclusive et haut de gamme, proposant des produits fabriqu\u00e9s \u00e0 la main par un ancien chef \u00e9toil\u00e9. L\u2019approche illustr\u00e9e permet de souligner la dimension humaine et artisanale de la marque, tandis [&hellip;]<\/p>\n","protected":false},"author":1,"featured_media":0,"parent":0,"menu_order":0,"comment_status":"closed","ping_status":"closed","template":"","meta":{"footnotes":""},"class_list":["post-146","page","type-page","status-publish","hentry"],"_links":{"self":[{"href":"https:\/\/laurenerolland.fr\/index.php?rest_route=\/wp\/v2\/pages\/146","targetHints":{"allow":["GET"]}}],"collection":[{"href":"https:\/\/laurenerolland.fr\/index.php?rest_route=\/wp\/v2\/pages"}],"about":[{"href":"https:\/\/laurenerolland.fr\/index.php?rest_route=\/wp\/v2\/types\/page"}],"author":[{"embeddable":true,"href":"https:\/\/laurenerolland.fr\/index.php?rest_route=\/wp\/v2\/users\/1"}],"replies":[{"embeddable":true,"href":"https:\/\/laurenerolland.fr\/index.php?rest_route=%2Fwp%2Fv2%2Fcomments&post=146"}],"version-history":[{"count":36,"href":"https:\/\/laurenerolland.fr\/index.php?rest_route=\/wp\/v2\/pages\/146\/revisions"}],"predecessor-version":[{"id":1535,"href":"https:\/\/laurenerolland.fr\/index.php?rest_route=\/wp\/v2\/pages\/146\/revisions\/1535"}],"wp:attachment":[{"href":"https:\/\/laurenerolland.fr\/index.php?rest_route=%2Fwp%2Fv2%2Fmedia&parent=146"}],"curies":[{"name":"wp","href":"https:\/\/api.w.org\/{rel}","templated":true}]}}