{"id":144,"date":"2023-07-01T13:38:19","date_gmt":"2023-07-01T13:38:19","guid":{"rendered":"https:\/\/laurenerolland.fr\/?page_id=144"},"modified":"2026-01-17T16:08:04","modified_gmt":"2026-01-17T16:08:04","slug":"mediterranee-massage","status":"publish","type":"page","link":"https:\/\/laurenerolland.fr\/?page_id=144","title":{"rendered":"M\u00e9diterran\u00e9e \nMassage"},"content":{"rendered":"\n<div class=\"wp-block-columns is-layout-flex wp-container-core-columns-is-layout-1 wp-block-columns-is-layout-flex\">\n<div class=\"wp-block-column is-layout-flow wp-block-column-is-layout-flow\" style=\"flex-basis:33.33%\">\n<p style=\"font-size:clamp(14px, 0.875rem + ((1vw - 3.2px) * 0.185), 16px);font-style:normal;font-weight:100\">M\u00e9diterran\u00e9e Massage, une start-up, offrant un service exclusif de massages sur les plages priv\u00e9es.<br><br>Le logo, inspir\u00e9 des vagues et du soleil caract\u00e9ristiques du sud de la France, incarne l&rsquo;essence de l&rsquo;entreprise.<\/p>\n<\/div>\n\n\n\n<div class=\"wp-block-column is-layout-flow wp-block-column-is-layout-flow\" style=\"flex-basis:66.66%\">\n<figure class=\"wp-block-image alignright size-large is-resized\"><img fetchpriority=\"high\" decoding=\"async\" width=\"2560\" height=\"2560\" src=\"https:\/\/laurenerolland.fr\/wp-content\/uploads\/2023\/07\/Plan-de-travail-2-1-edited-scaled.jpg\" alt=\"\" class=\"wp-image-271\" style=\"width:555px\" srcset=\"https:\/\/laurenerolland.fr\/wp-content\/uploads\/2023\/07\/Plan-de-travail-2-1-edited-scaled.jpg 2560w, https:\/\/laurenerolland.fr\/wp-content\/uploads\/2023\/07\/Plan-de-travail-2-1-edited-300x300.jpg 300w, https:\/\/laurenerolland.fr\/wp-content\/uploads\/2023\/07\/Plan-de-travail-2-1-edited-1024x1024.jpg 1024w, https:\/\/laurenerolland.fr\/wp-content\/uploads\/2023\/07\/Plan-de-travail-2-1-edited-150x150.jpg 150w, https:\/\/laurenerolland.fr\/wp-content\/uploads\/2023\/07\/Plan-de-travail-2-1-edited-768x768.jpg 768w, https:\/\/laurenerolland.fr\/wp-content\/uploads\/2023\/07\/Plan-de-travail-2-1-edited-1536x1536.jpg 1536w, https:\/\/laurenerolland.fr\/wp-content\/uploads\/2023\/07\/Plan-de-travail-2-1-edited-2048x2048.jpg 2048w\" sizes=\"(max-width: 2560px) 100vw, 2560px\" \/><\/figure>\n<\/div>\n<\/div>\n\n\n\n<figure class=\"wp-block-image size-large\"><img decoding=\"async\" width=\"2560\" height=\"1706\" src=\"https:\/\/laurenerolland.fr\/wp-content\/uploads\/2024\/02\/Plan-de-travail-1-edited-scaled.jpg\" alt=\"\" class=\"wp-image-918\" srcset=\"https:\/\/laurenerolland.fr\/wp-content\/uploads\/2024\/02\/Plan-de-travail-1-edited-scaled.jpg 2560w, https:\/\/laurenerolland.fr\/wp-content\/uploads\/2024\/02\/Plan-de-travail-1-edited-300x200.jpg 300w, https:\/\/laurenerolland.fr\/wp-content\/uploads\/2024\/02\/Plan-de-travail-1-edited-1024x682.jpg 1024w, https:\/\/laurenerolland.fr\/wp-content\/uploads\/2024\/02\/Plan-de-travail-1-edited-768x512.jpg 768w, https:\/\/laurenerolland.fr\/wp-content\/uploads\/2024\/02\/Plan-de-travail-1-edited-1536x1024.jpg 1536w, https:\/\/laurenerolland.fr\/wp-content\/uploads\/2024\/02\/Plan-de-travail-1-edited-2048x1365.jpg 2048w\" sizes=\"(max-width: 2560px) 100vw, 2560px\" \/><\/figure>\n\n\n\n<figure class=\"wp-block-image size-large\"><img decoding=\"async\" width=\"1854\" height=\"1235\" src=\"https:\/\/laurenerolland.fr\/wp-content\/uploads\/2023\/07\/s86-pom-6915-mockup-edited-3.jpg\" alt=\"\" class=\"wp-image-274\" srcset=\"https:\/\/laurenerolland.fr\/wp-content\/uploads\/2023\/07\/s86-pom-6915-mockup-edited-3.jpg 1854w, https:\/\/laurenerolland.fr\/wp-content\/uploads\/2023\/07\/s86-pom-6915-mockup-edited-3-300x200.jpg 300w, https:\/\/laurenerolland.fr\/wp-content\/uploads\/2023\/07\/s86-pom-6915-mockup-edited-3-1024x682.jpg 1024w, https:\/\/laurenerolland.fr\/wp-content\/uploads\/2023\/07\/s86-pom-6915-mockup-edited-3-768x512.jpg 768w, https:\/\/laurenerolland.fr\/wp-content\/uploads\/2023\/07\/s86-pom-6915-mockup-edited-3-1536x1023.jpg 1536w\" sizes=\"(max-width: 1854px) 100vw, 1854px\" \/><\/figure>\n","protected":false},"excerpt":{"rendered":"<p>M\u00e9diterran\u00e9e Massage, une start-up, offrant un service exclusif de massages sur les plages priv\u00e9es. Le logo, inspir\u00e9 des vagues et du soleil caract\u00e9ristiques du sud de la France, incarne l&rsquo;essence de l&rsquo;entreprise.<\/p>\n","protected":false},"author":1,"featured_media":0,"parent":0,"menu_order":0,"comment_status":"closed","ping_status":"closed","template":"","meta":{"footnotes":""},"class_list":["post-144","page","type-page","status-publish","hentry"],"_links":{"self":[{"href":"https:\/\/laurenerolland.fr\/index.php?rest_route=\/wp\/v2\/pages\/144","targetHints":{"allow":["GET"]}}],"collection":[{"href":"https:\/\/laurenerolland.fr\/index.php?rest_route=\/wp\/v2\/pages"}],"about":[{"href":"https:\/\/laurenerolland.fr\/index.php?rest_route=\/wp\/v2\/types\/page"}],"author":[{"embeddable":true,"href":"https:\/\/laurenerolland.fr\/index.php?rest_route=\/wp\/v2\/users\/1"}],"replies":[{"embeddable":true,"href":"https:\/\/laurenerolland.fr\/index.php?rest_route=%2Fwp%2Fv2%2Fcomments&post=144"}],"version-history":[{"count":24,"href":"https:\/\/laurenerolland.fr\/index.php?rest_route=\/wp\/v2\/pages\/144\/revisions"}],"predecessor-version":[{"id":1444,"href":"https:\/\/laurenerolland.fr\/index.php?rest_route=\/wp\/v2\/pages\/144\/revisions\/1444"}],"wp:attachment":[{"href":"https:\/\/laurenerolland.fr\/index.php?rest_route=%2Fwp%2Fv2%2Fmedia&parent=144"}],"curies":[{"name":"wp","href":"https:\/\/api.w.org\/{rel}","templated":true}]}}