{"id":1116,"date":"2025-01-03T12:12:10","date_gmt":"2025-01-03T12:12:10","guid":{"rendered":"https:\/\/laurenerolland.fr\/?page_id=1116"},"modified":"2026-01-17T16:09:07","modified_gmt":"2026-01-17T16:09:07","slug":"solya","status":"publish","type":"page","link":"https:\/\/laurenerolland.fr\/?page_id=1116","title":{"rendered":"Solya"},"content":{"rendered":"\n<div class=\"wp-block-columns is-layout-flex wp-container-core-columns-is-layout-1 wp-block-columns-is-layout-flex\">\n<div class=\"wp-block-column is-layout-flow wp-block-column-is-layout-flow\" style=\"flex-basis:33%\">\n<p class=\"has-quinary-color has-text-color has-small-font-size\" style=\"margin-top:10px;font-style:normal;font-weight:300;line-height:1.3\">Le logiciel Solya est une solution compl\u00e8te qui comprend quatre principaux modules : Enterprise Resource Planning, Gestion \u00c9lectronique des Documents, Gestion des Processus, Intelligence Artificielle.<br><br>Il vise \u00e0 optimiser la gestion des entreprises, am\u00e9liorer les flux d\u2019information, faciliter la gestion documentaire et automatiser les processus.<\/p>\n<\/div>\n\n\n\n<div class=\"wp-block-column is-vertically-aligned-center is-layout-flow wp-block-column-is-layout-flow\">\n<figure class=\"wp-block-image alignright size-large is-resized\"><img fetchpriority=\"high\" decoding=\"async\" width=\"1024\" height=\"1024\" src=\"https:\/\/laurenerolland.fr\/wp-content\/uploads\/2025\/01\/Design-sans-titre-1024x1024.jpg\" alt=\"\" class=\"wp-image-1149\" style=\"width:555px\" srcset=\"https:\/\/laurenerolland.fr\/wp-content\/uploads\/2025\/01\/Design-sans-titre-1024x1024.jpg 1024w, https:\/\/laurenerolland.fr\/wp-content\/uploads\/2025\/01\/Design-sans-titre-300x300.jpg 300w, https:\/\/laurenerolland.fr\/wp-content\/uploads\/2025\/01\/Design-sans-titre-150x150.jpg 150w, https:\/\/laurenerolland.fr\/wp-content\/uploads\/2025\/01\/Design-sans-titre-768x768.jpg 768w, https:\/\/laurenerolland.fr\/wp-content\/uploads\/2025\/01\/Design-sans-titre.jpg 1080w\" sizes=\"(max-width: 1024px) 100vw, 1024px\" \/><\/figure>\n<\/div>\n<\/div>\n\n\n\n<div class=\"wp-block-columns is-layout-flex wp-container-core-columns-is-layout-2 wp-block-columns-is-layout-flex\">\n<div class=\"wp-block-column is-layout-flow wp-block-column-is-layout-flow\">\n<figure class=\"wp-block-image size-large\"><img decoding=\"async\" width=\"2456\" height=\"1381\" src=\"https:\/\/laurenerolland.fr\/wp-content\/uploads\/2025\/01\/solya-3-pc-edited.jpg\" alt=\"\" class=\"wp-image-1123\" srcset=\"https:\/\/laurenerolland.fr\/wp-content\/uploads\/2025\/01\/solya-3-pc-edited.jpg 2456w, https:\/\/laurenerolland.fr\/wp-content\/uploads\/2025\/01\/solya-3-pc-edited-300x169.jpg 300w, https:\/\/laurenerolland.fr\/wp-content\/uploads\/2025\/01\/solya-3-pc-edited-1024x576.jpg 1024w, https:\/\/laurenerolland.fr\/wp-content\/uploads\/2025\/01\/solya-3-pc-edited-768x432.jpg 768w, https:\/\/laurenerolland.fr\/wp-content\/uploads\/2025\/01\/solya-3-pc-edited-1536x864.jpg 1536w, https:\/\/laurenerolland.fr\/wp-content\/uploads\/2025\/01\/solya-3-pc-edited-2048x1152.jpg 2048w\" sizes=\"(max-width: 2456px) 100vw, 2456px\" \/><\/figure>\n<\/div>\n<\/div>\n\n\n\n<div class=\"wp-block-columns is-layout-flex wp-container-core-columns-is-layout-3 wp-block-columns-is-layout-flex\">\n<div class=\"wp-block-column is-layout-flow wp-block-column-is-layout-flow\">\n<figure class=\"wp-block-image size-large\"><img decoding=\"async\" width=\"2560\" height=\"1439\" src=\"https:\/\/laurenerolland.fr\/wp-content\/uploads\/2025\/01\/Solya_Carte-de-visite_Mockup-edited-2-scaled.jpg\" alt=\"\" class=\"wp-image-1138\" srcset=\"https:\/\/laurenerolland.fr\/wp-content\/uploads\/2025\/01\/Solya_Carte-de-visite_Mockup-edited-2-scaled.jpg 2560w, https:\/\/laurenerolland.fr\/wp-content\/uploads\/2025\/01\/Solya_Carte-de-visite_Mockup-edited-2-300x169.jpg 300w, https:\/\/laurenerolland.fr\/wp-content\/uploads\/2025\/01\/Solya_Carte-de-visite_Mockup-edited-2-1024x576.jpg 1024w, https:\/\/laurenerolland.fr\/wp-content\/uploads\/2025\/01\/Solya_Carte-de-visite_Mockup-edited-2-768x432.jpg 768w, https:\/\/laurenerolland.fr\/wp-content\/uploads\/2025\/01\/Solya_Carte-de-visite_Mockup-edited-2-1536x864.jpg 1536w, https:\/\/laurenerolland.fr\/wp-content\/uploads\/2025\/01\/Solya_Carte-de-visite_Mockup-edited-2-2048x1151.jpg 2048w\" sizes=\"(max-width: 2560px) 100vw, 2560px\" \/><\/figure>\n<\/div>\n<\/div>\n\n\n\n<div class=\"wp-block-columns is-layout-flex wp-container-core-columns-is-layout-4 wp-block-columns-is-layout-flex\">\n<div class=\"wp-block-column is-layout-flow wp-block-column-is-layout-flow\">\n<figure class=\"wp-block-image size-large\"><img loading=\"lazy\" decoding=\"async\" width=\"1024\" height=\"576\" src=\"http:\/\/laurenerolland.fr\/wp-content\/uploads\/2025\/01\/gumroad-2-1024x576.jpg\" alt=\"\" class=\"wp-image-1120\" srcset=\"https:\/\/laurenerolland.fr\/wp-content\/uploads\/2025\/01\/gumroad-2-1024x576.jpg 1024w, https:\/\/laurenerolland.fr\/wp-content\/uploads\/2025\/01\/gumroad-2-300x169.jpg 300w, https:\/\/laurenerolland.fr\/wp-content\/uploads\/2025\/01\/gumroad-2-768x432.jpg 768w, https:\/\/laurenerolland.fr\/wp-content\/uploads\/2025\/01\/gumroad-2.jpg 1280w\" sizes=\"(max-width: 1024px) 100vw, 1024px\" \/><\/figure>\n<\/div>\n<\/div>\n\n\n\n<div class=\"wp-block-columns is-layout-flex wp-container-core-columns-is-layout-5 wp-block-columns-is-layout-flex\">\n<div class=\"wp-block-column is-layout-flow wp-block-column-is-layout-flow\">\n<figure class=\"wp-block-image size-large\"><img loading=\"lazy\" decoding=\"async\" width=\"2560\" height=\"2560\" src=\"https:\/\/laurenerolland.fr\/wp-content\/uploads\/2025\/01\/Logo_on_the_Builiding_Mockup_1-edited-1-scaled.jpg\" alt=\"\" class=\"wp-image-1137\" srcset=\"https:\/\/laurenerolland.fr\/wp-content\/uploads\/2025\/01\/Logo_on_the_Builiding_Mockup_1-edited-1-scaled.jpg 2560w, https:\/\/laurenerolland.fr\/wp-content\/uploads\/2025\/01\/Logo_on_the_Builiding_Mockup_1-edited-1-300x300.jpg 300w, https:\/\/laurenerolland.fr\/wp-content\/uploads\/2025\/01\/Logo_on_the_Builiding_Mockup_1-edited-1-1024x1024.jpg 1024w, https:\/\/laurenerolland.fr\/wp-content\/uploads\/2025\/01\/Logo_on_the_Builiding_Mockup_1-edited-1-150x150.jpg 150w, https:\/\/laurenerolland.fr\/wp-content\/uploads\/2025\/01\/Logo_on_the_Builiding_Mockup_1-edited-1-768x768.jpg 768w, https:\/\/laurenerolland.fr\/wp-content\/uploads\/2025\/01\/Logo_on_the_Builiding_Mockup_1-edited-1-1536x1536.jpg 1536w, https:\/\/laurenerolland.fr\/wp-content\/uploads\/2025\/01\/Logo_on_the_Builiding_Mockup_1-edited-1-2048x2048.jpg 2048w\" sizes=\"(max-width: 2560px) 100vw, 2560px\" \/><\/figure>\n<\/div>\n\n\n\n<div class=\"wp-block-column is-layout-flow wp-block-column-is-layout-flow\">\n<figure class=\"wp-block-image size-large\"><img loading=\"lazy\" decoding=\"async\" width=\"2560\" height=\"2560\" src=\"https:\/\/laurenerolland.fr\/wp-content\/uploads\/2025\/01\/Flag-Mockup-edited-scaled.jpg\" alt=\"\" class=\"wp-image-1134\" srcset=\"https:\/\/laurenerolland.fr\/wp-content\/uploads\/2025\/01\/Flag-Mockup-edited-scaled.jpg 2560w, https:\/\/laurenerolland.fr\/wp-content\/uploads\/2025\/01\/Flag-Mockup-edited-300x300.jpg 300w, https:\/\/laurenerolland.fr\/wp-content\/uploads\/2025\/01\/Flag-Mockup-edited-1024x1024.jpg 1024w, https:\/\/laurenerolland.fr\/wp-content\/uploads\/2025\/01\/Flag-Mockup-edited-150x150.jpg 150w, https:\/\/laurenerolland.fr\/wp-content\/uploads\/2025\/01\/Flag-Mockup-edited-768x768.jpg 768w, https:\/\/laurenerolland.fr\/wp-content\/uploads\/2025\/01\/Flag-Mockup-edited-1536x1536.jpg 1536w, https:\/\/laurenerolland.fr\/wp-content\/uploads\/2025\/01\/Flag-Mockup-edited-2048x2048.jpg 2048w\" sizes=\"(max-width: 2560px) 100vw, 2560px\" \/><\/figure>\n<\/div>\n<\/div>\n","protected":false},"excerpt":{"rendered":"<p>Le logiciel Solya est une solution compl\u00e8te qui comprend quatre principaux modules : Enterprise Resource Planning, Gestion \u00c9lectronique des Documents, Gestion des Processus, Intelligence Artificielle. Il vise \u00e0 optimiser la gestion des entreprises, am\u00e9liorer les flux d\u2019information, faciliter la gestion documentaire et automatiser les processus.<\/p>\n","protected":false},"author":1,"featured_media":0,"parent":0,"menu_order":0,"comment_status":"closed","ping_status":"closed","template":"","meta":{"footnotes":""},"class_list":["post-1116","page","type-page","status-publish","hentry"],"_links":{"self":[{"href":"https:\/\/laurenerolland.fr\/index.php?rest_route=\/wp\/v2\/pages\/1116","targetHints":{"allow":["GET"]}}],"collection":[{"href":"https:\/\/laurenerolland.fr\/index.php?rest_route=\/wp\/v2\/pages"}],"about":[{"href":"https:\/\/laurenerolland.fr\/index.php?rest_route=\/wp\/v2\/types\/page"}],"author":[{"embeddable":true,"href":"https:\/\/laurenerolland.fr\/index.php?rest_route=\/wp\/v2\/users\/1"}],"replies":[{"embeddable":true,"href":"https:\/\/laurenerolland.fr\/index.php?rest_route=%2Fwp%2Fv2%2Fcomments&post=1116"}],"version-history":[{"count":18,"href":"https:\/\/laurenerolland.fr\/index.php?rest_route=\/wp\/v2\/pages\/1116\/revisions"}],"predecessor-version":[{"id":1448,"href":"https:\/\/laurenerolland.fr\/index.php?rest_route=\/wp\/v2\/pages\/1116\/revisions\/1448"}],"wp:attachment":[{"href":"https:\/\/laurenerolland.fr\/index.php?rest_route=%2Fwp%2Fv2%2Fmedia&parent=1116"}],"curies":[{"name":"wp","href":"https:\/\/api.w.org\/{rel}","templated":true}]}}